{"id":33,"date":"2023-06-20T06:38:46","date_gmt":"2023-06-20T06:38:46","guid":{"rendered":"http:\/\/artzaieguna.eus\/?page_id=33"},"modified":"2023-08-07T15:59:33","modified_gmt":"2023-08-07T15:59:33","slug":"historia-del-artzai-eguna","status":"publish","type":"page","link":"https:\/\/artzaieguna.eus\/index.php\/es\/historia-del-artzai-eguna\/","title":{"rendered":"Historia del Artzai Eguna"},"content":{"rendered":"<div class=\"fusion-fullwidth fullwidth-box fusion-builder-row-1 nonhundred-percent-fullwidth non-hundred-percent-height-scrolling\" style=\"--awb-border-radius-top-left:0px;--awb-border-radius-top-right:0px;--awb-border-radius-bottom-right:0px;--awb-border-radius-bottom-left:0px;--awb-flex-wrap:wrap;\" ><div class=\"fusion-builder-row fusion-row\"><div class=\"fusion-layout-column fusion_builder_column fusion-builder-column-0 fusion_builder_column_1_1 1_1 fusion-one-full fusion-column-first fusion-column-last\" style=\"--awb-bg-size:cover;\"><div class=\"fusion-column-wrapper fusion-flex-column-wrapper-legacy\"><div class=\"fusion-title title fusion-title-1 sep-underline sep-solid fusion-title-center fusion-title-text fusion-title-size-one\"><h1 class=\"fusion-title-heading title-heading-center\" style=\"margin:0;\">HISTORIA DEL ARTZAI EGUNA EN UHARTE ARAKIL<\/h1><\/div><div class=\"fusion-text fusion-text-1\"><p><span style=\"font-weight: 400;\">En 1948, en la comarca de Ribes de Freser, Girona, se celebr\u00f3 el primer concurso de perros pastores. Un grupo de monta\u00f1eros de O\u00f1ati decidi\u00f3 contactar con los organizadores y traer a dos pastores a la sierra de Urbia para que ense\u00f1asen a nuestros pastores de lo que entonces se hac\u00eda. En el a\u00f1o 1961 se decidieron a organizar el I campeonato internacional de perros pastores en O\u00f1ati. Visto el \u00e9xito que tuvo, decidieron extenderlo a los 4 herrialdes de Euskal Herria. Para Navarra pensaron en Uharte Arakil.<\/span><\/p>\n<p><span style=\"font-weight: 400;\">El pueblo de Uharte Arakil acept\u00f3 la organizaci\u00f3n y se decidi\u00f3 celebrar <\/span><b>el primer campeonato de los perros pastores<\/b><span style=\"font-weight: 400;\"> el d\u00eda 17 de septiembre de 1961, con tan mala suerte que el mismo d\u00eda se origin\u00f3 un incendio en el pueblo, por lo que se suspendi\u00f3 y no se retom\u00f3 hasta 6 a\u00f1os m\u00e1s tarde, cuando se celebr\u00f3 el I campeonato de Navarra de perros pastores, en 1968. La Sociedad Aralar Mendi se hizo cargo de la organizaci\u00f3n.<\/span><\/p>\n<p><span style=\"font-weight: 400;\">En aquel entonces, adem\u00e1s de la demostraci\u00f3n de perros pastores, el mundo del pastoreo en general y el de las ovejas latxas en particular, ten\u00edan retos importantes: por un lado, la aceptaci\u00f3n de los quesos de leche cruda de oveja latxa por parte de las autoridades sanitarias; y, por el otro, la situaci\u00f3n de riesgo que viv\u00eda la raza latxa. As\u00ed, se decidi\u00f3 organizar algo que tratara de invertir la tendencia: el primer\u00a0 concurso de quesos de leche cruda de oveja latxa de Navarra. As\u00ed, en <\/span><span style=\"font-weight: 400;\">1983<\/span><span style=\"font-weight: 400;\">, se celebr\u00f3 <\/span><b>el primer concurso de quesos de leche cruda de oveja latxa<\/b><span style=\"font-weight: 400;\"> de Navarra.<\/span><\/p>\n<p><span style=\"font-weight: 400;\">Posteriormente, en<\/span><span style=\"font-weight: 400;\"> 1985<\/span><span style=\"font-weight: 400;\">,\u00a0 se organiz\u00f3 el <\/span><b>primer certamen de la oveja latxa de Navarra<\/b><span style=\"font-weight: 400;\">, pues exist\u00eda la presi\u00f3n de alguna raza for\u00e1nea y tambi\u00e9n se daban los pasos en los planes de la mejora gen\u00e9tica y el control de la oveja de raza latxa, as\u00ed como la creaci\u00f3n de asociaciones de criadores para su defensa.\u00a0<\/span><\/p>\n<p><span style=\"font-weight: 400;\">Desde el a\u00f1o 1998, y de forma consecutiva, se organiza el <\/span><b>campeonato de esquileo mec\u00e1nico<\/b><span style=\"font-weight: 400;\">.<\/span><\/p>\n<p><span style=\"font-weight: 400;\">Dado que la fiesta del ARTZAI EGUNA ya ocupaba el d\u00eda, este se fue completando con la <\/span><b>feria de artesan\u00eda<\/b><span style=\"font-weight: 400;\">, venta y <\/span><b>degustaci\u00f3n de queso<\/b><span style=\"font-weight: 400;\"> y otros <\/span><b>productos agroalimentarios<\/b><span style=\"font-weight: 400;\">, la exposici\u00f3n de los perros pastores y de defensa, la demostraci\u00f3n de elaboraci\u00f3n del queso por sistema manual-tradicional y la exposici\u00f3n de maquinaria.<\/span><\/p>\n<p><span style=\"font-weight: 400;\">La fiesta del Artzai Eguna fue declarada <\/span><b>Fiesta De Inter\u00e9s Tur\u00edstico de Navarra<\/b><span style=\"font-weight: 400;\"> en el a\u00f1o 2012, y en el a\u00f1o 2017 recibi\u00f3 la <\/span><b>medalla de Carlos III el Noble<\/b><span style=\"font-weight: 400;\"> con motivo de la organizaci\u00f3n de la 50 edici\u00f3n.<\/span><\/p>\n<\/div><div class=\"fusion-clearfix\"><\/div><\/div><\/div><\/div><\/div>\n","protected":false},"excerpt":{"rendered":"","protected":false},"author":1,"featured_media":0,"parent":0,"menu_order":0,"comment_status":"closed","ping_status":"closed","template":"","meta":{"footnotes":""},"class_list":["post-33","page","type-page","status-publish","hentry"],"yoast_head":"<!-- This site is optimized with the Yoast SEO plugin v26.1.1 - https:\/\/yoast.com\/wordpress\/plugins\/seo\/ -->\n<title>Historia del Artzai Eguna - Artzai Eguna<\/title>\n<meta name=\"robots\" content=\"index, follow, max-snippet:-1, max-image-preview:large, max-video-preview:-1\" \/>\n<link rel=\"canonical\" href=\"https:\/\/artzaieguna.eus\/index.php\/es\/historia-del-artzai-eguna\/\" \/>\n<meta property=\"og:locale\" content=\"es_ES\" \/>\n<meta property=\"og:type\" content=\"article\" \/>\n<meta property=\"og:title\" content=\"Historia del Artzai Eguna - Artzai Eguna\" \/>\n<meta property=\"og:url\" content=\"https:\/\/artzaieguna.eus\/index.php\/es\/historia-del-artzai-eguna\/\" \/>\n<meta property=\"og:site_name\" content=\"Artzai Eguna\" \/>\n<meta property=\"article:publisher\" content=\"https:\/\/www.facebook.com\/artzaieguna\" \/>\n<meta property=\"article:modified_time\" content=\"2023-08-07T15:59:33+00:00\" \/>\n<meta name=\"twitter:card\" content=\"summary_large_image\" \/>\n<meta name=\"twitter:label1\" content=\"Tiempo de lectura\" \/>\n\t<meta name=\"twitter:data1\" content=\"3 minutos\" \/>\n<script type=\"application\/ld+json\" class=\"yoast-schema-graph\">{\"@context\":\"https:\/\/schema.org\",\"@graph\":[{\"@type\":\"WebPage\",\"@id\":\"https:\/\/artzaieguna.eus\/index.php\/es\/historia-del-artzai-eguna\/\",\"url\":\"https:\/\/artzaieguna.eus\/index.php\/es\/historia-del-artzai-eguna\/\",\"name\":\"Historia del Artzai Eguna - Artzai Eguna\",\"isPartOf\":{\"@id\":\"https:\/\/artzaieguna.eus\/#website\"},\"datePublished\":\"2023-06-20T06:38:46+00:00\",\"dateModified\":\"2023-08-07T15:59:33+00:00\",\"breadcrumb\":{\"@id\":\"https:\/\/artzaieguna.eus\/index.php\/es\/historia-del-artzai-eguna\/#breadcrumb\"},\"inLanguage\":\"es\",\"potentialAction\":[{\"@type\":\"ReadAction\",\"target\":[\"https:\/\/artzaieguna.eus\/index.php\/es\/historia-del-artzai-eguna\/\"]}]},{\"@type\":\"BreadcrumbList\",\"@id\":\"https:\/\/artzaieguna.eus\/index.php\/es\/historia-del-artzai-eguna\/#breadcrumb\",\"itemListElement\":[{\"@type\":\"ListItem\",\"position\":1,\"name\":\"Portada\",\"item\":\"https:\/\/artzaieguna.eus\/\"},{\"@type\":\"ListItem\",\"position\":2,\"name\":\"Historia del Artzai Eguna\"}]},{\"@type\":\"WebSite\",\"@id\":\"https:\/\/artzaieguna.eus\/#website\",\"url\":\"https:\/\/artzaieguna.eus\/\",\"name\":\"Artzai Eguna\",\"description\":\"Artzai Eguna-ren informazio webgunea\",\"publisher\":{\"@id\":\"https:\/\/artzaieguna.eus\/#organization\"},\"potentialAction\":[{\"@type\":\"SearchAction\",\"target\":{\"@type\":\"EntryPoint\",\"urlTemplate\":\"https:\/\/artzaieguna.eus\/?s={search_term_string}\"},\"query-input\":{\"@type\":\"PropertyValueSpecification\",\"valueRequired\":true,\"valueName\":\"search_term_string\"}}],\"inLanguage\":\"es\"},{\"@type\":\"Organization\",\"@id\":\"https:\/\/artzaieguna.eus\/#organization\",\"name\":\"Artzai Eguna\",\"url\":\"https:\/\/artzaieguna.eus\/\",\"logo\":{\"@type\":\"ImageObject\",\"inLanguage\":\"es\",\"@id\":\"https:\/\/artzaieguna.eus\/#\/schema\/logo\/image\/\",\"url\":\"https:\/\/artzaieguna.eus\/wp-content\/uploads\/2019\/07\/LogoArtzaiEguna.jpg\",\"contentUrl\":\"https:\/\/artzaieguna.eus\/wp-content\/uploads\/2019\/07\/LogoArtzaiEguna.jpg\",\"width\":1104,\"height\":1280,\"caption\":\"Artzai Eguna\"},\"image\":{\"@id\":\"https:\/\/artzaieguna.eus\/#\/schema\/logo\/image\/\"},\"sameAs\":[\"https:\/\/www.facebook.com\/artzaieguna\"]}]}<\/script>\n<!-- \/ Yoast SEO plugin. -->","yoast_head_json":{"title":"Historia del Artzai Eguna - Artzai Eguna","robots":{"index":"index","follow":"follow","max-snippet":"max-snippet:-1","max-image-preview":"max-image-preview:large","max-video-preview":"max-video-preview:-1"},"canonical":"https:\/\/artzaieguna.eus\/index.php\/es\/historia-del-artzai-eguna\/","og_locale":"es_ES","og_type":"article","og_title":"Historia del Artzai Eguna - Artzai Eguna","og_url":"https:\/\/artzaieguna.eus\/index.php\/es\/historia-del-artzai-eguna\/","og_site_name":"Artzai Eguna","article_publisher":"https:\/\/www.facebook.com\/artzaieguna","article_modified_time":"2023-08-07T15:59:33+00:00","twitter_card":"summary_large_image","twitter_misc":{"Tiempo de lectura":"3 minutos"},"schema":{"@context":"https:\/\/schema.org","@graph":[{"@type":"WebPage","@id":"https:\/\/artzaieguna.eus\/index.php\/es\/historia-del-artzai-eguna\/","url":"https:\/\/artzaieguna.eus\/index.php\/es\/historia-del-artzai-eguna\/","name":"Historia del Artzai Eguna - Artzai Eguna","isPartOf":{"@id":"https:\/\/artzaieguna.eus\/#website"},"datePublished":"2023-06-20T06:38:46+00:00","dateModified":"2023-08-07T15:59:33+00:00","breadcrumb":{"@id":"https:\/\/artzaieguna.eus\/index.php\/es\/historia-del-artzai-eguna\/#breadcrumb"},"inLanguage":"es","potentialAction":[{"@type":"ReadAction","target":["https:\/\/artzaieguna.eus\/index.php\/es\/historia-del-artzai-eguna\/"]}]},{"@type":"BreadcrumbList","@id":"https:\/\/artzaieguna.eus\/index.php\/es\/historia-del-artzai-eguna\/#breadcrumb","itemListElement":[{"@type":"ListItem","position":1,"name":"Portada","item":"https:\/\/artzaieguna.eus\/"},{"@type":"ListItem","position":2,"name":"Historia del Artzai Eguna"}]},{"@type":"WebSite","@id":"https:\/\/artzaieguna.eus\/#website","url":"https:\/\/artzaieguna.eus\/","name":"Artzai Eguna","description":"Artzai Eguna-ren informazio webgunea","publisher":{"@id":"https:\/\/artzaieguna.eus\/#organization"},"potentialAction":[{"@type":"SearchAction","target":{"@type":"EntryPoint","urlTemplate":"https:\/\/artzaieguna.eus\/?s={search_term_string}"},"query-input":{"@type":"PropertyValueSpecification","valueRequired":true,"valueName":"search_term_string"}}],"inLanguage":"es"},{"@type":"Organization","@id":"https:\/\/artzaieguna.eus\/#organization","name":"Artzai Eguna","url":"https:\/\/artzaieguna.eus\/","logo":{"@type":"ImageObject","inLanguage":"es","@id":"https:\/\/artzaieguna.eus\/#\/schema\/logo\/image\/","url":"https:\/\/artzaieguna.eus\/wp-content\/uploads\/2019\/07\/LogoArtzaiEguna.jpg","contentUrl":"https:\/\/artzaieguna.eus\/wp-content\/uploads\/2019\/07\/LogoArtzaiEguna.jpg","width":1104,"height":1280,"caption":"Artzai Eguna"},"image":{"@id":"https:\/\/artzaieguna.eus\/#\/schema\/logo\/image\/"},"sameAs":["https:\/\/www.facebook.com\/artzaieguna"]}]}},"_links":{"self":[{"href":"https:\/\/artzaieguna.eus\/index.php\/wp-json\/wp\/v2\/pages\/33","targetHints":{"allow":["GET"]}}],"collection":[{"href":"https:\/\/artzaieguna.eus\/index.php\/wp-json\/wp\/v2\/pages"}],"about":[{"href":"https:\/\/artzaieguna.eus\/index.php\/wp-json\/wp\/v2\/types\/page"}],"author":[{"embeddable":true,"href":"https:\/\/artzaieguna.eus\/index.php\/wp-json\/wp\/v2\/users\/1"}],"replies":[{"embeddable":true,"href":"https:\/\/artzaieguna.eus\/index.php\/wp-json\/wp\/v2\/comments?post=33"}],"version-history":[{"count":18,"href":"https:\/\/artzaieguna.eus\/index.php\/wp-json\/wp\/v2\/pages\/33\/revisions"}],"predecessor-version":[{"id":3774,"href":"https:\/\/artzaieguna.eus\/index.php\/wp-json\/wp\/v2\/pages\/33\/revisions\/3774"}],"wp:attachment":[{"href":"https:\/\/artzaieguna.eus\/index.php\/wp-json\/wp\/v2\/media?parent=33"}],"curies":[{"name":"wp","href":"https:\/\/api.w.org\/{rel}","templated":true}]}}