{"id":3362,"date":"2023-06-12T17:23:14","date_gmt":"2023-06-12T17:23:14","guid":{"rendered":"https:\/\/artzaieguna.eus\/?page_id=3362"},"modified":"2023-06-22T13:28:48","modified_gmt":"2023-06-22T13:28:48","slug":"oveja-latxa","status":"publish","type":"page","link":"https:\/\/artzaieguna.eus\/index.php\/es\/oveja-latxa\/","title":{"rendered":"Oveja Latxa"},"content":{"rendered":"<div class=\"fusion-fullwidth fullwidth-box fusion-builder-row-1 fusion-flex-container has-pattern-background has-mask-background nonhundred-percent-fullwidth non-hundred-percent-height-scrolling\" style=\"--awb-border-radius-top-left:0px;--awb-border-radius-top-right:0px;--awb-border-radius-bottom-right:0px;--awb-border-radius-bottom-left:0px;--awb-flex-wrap:wrap;\" ><div class=\"fusion-builder-row fusion-row fusion-flex-align-items-flex-start fusion-flex-content-wrap\" style=\"max-width:1248px;margin-left: calc(-4% \/ 2 );margin-right: calc(-4% \/ 2 );\"><div class=\"fusion-layout-column fusion_builder_column fusion-builder-column-0 fusion_builder_column_1_1 1_1 fusion-flex-column\" style=\"--awb-bg-size:cover;--awb-width-large:100%;--awb-margin-top-large:0px;--awb-spacing-right-large:1.92%;--awb-margin-bottom-large:0px;--awb-spacing-left-large:1.92%;--awb-width-medium:100%;--awb-order-medium:0;--awb-spacing-right-medium:1.92%;--awb-spacing-left-medium:1.92%;--awb-width-small:100%;--awb-order-small:0;--awb-spacing-right-small:1.92%;--awb-spacing-left-small:1.92%;\"><div class=\"fusion-column-wrapper fusion-column-has-shadow fusion-flex-justify-content-flex-start fusion-content-layout-column\"><div class=\"fusion-title title fusion-title-1 sep-underline sep-solid fusion-title-center fusion-title-text fusion-title-size-one\"><h1 class=\"fusion-title-heading title-heading-center\" style=\"margin:0;\">OVEJA LATXA<\/h1><\/div><div class=\"fusion-text fusion-text-1\"><p><span style=\"font-weight: 400;\">La oveja Latxa est\u00e1 considerada como una de las <\/span><b>razas ovinas m\u00e1s primitivas<\/b><span style=\"font-weight: 400;\"> que conservamos en la pen\u00ednsula ib\u00e9rica. Su nombre proviene del euskera \u00a0y\u00a0significa \u201cbasta\u201d, haciendo referencia al <\/span><b>tipo de lana<\/b><span style=\"font-weight: 400;\"> que la caracteriza: blanca y con fibras gruesas. Precisamente este tipo de lana hace que resista mejor la lluvia, pues no retiene el agua en el vell\u00f3n y la oveja se seca r\u00e1pidamente evitando problemas de neumon\u00eda.<\/span><\/p>\n<p><span style=\"font-weight: 400;\">Posee un cuerpo mediano y de proporciones alargadas y las cualidades que la caracterizan son su <\/span><b>car\u00e1cter montaraz, la gran agilidad de movimientos<\/b><span style=\"font-weight: 400;\"> y la elevada rusticidad.<\/span><\/p>\n<p><span style=\"font-weight: 400;\">Destaca tambi\u00e9n por su perfecta <\/span><b>adaptaci\u00f3n a terrenos<\/b><span style=\"font-weight: 400;\"> abruptos y de alta pluviosidad, caracter\u00edsticas que se dan en las zonas donde habitualmente se ubica: norte de Navarra, Euskadi y sur de Pirineos Atl\u00e1nticos.<\/span><\/p>\n<p><span style=\"font-weight: 400;\">La oveja Latxa sale a pastar pr\u00e1cticamente todos los d\u00edas del a\u00f1o en las zonas m\u00e1s templadas y es habitual la <\/span><b>trashumancia corta o trastermitancia valle-monta\u00f1a<\/b><span style=\"font-weight: 400;\">, en la cual, el reba\u00f1o permanece en zonas bajas en invierno, para luego subir a los pastos de monta\u00f1a en los meses c\u00e1lidos del a\u00f1o. \u00a0Ejerce una <\/span><b>funci\u00f3n ecol\u00f3gica<\/b><span style=\"font-weight: 400;\"> muy importante aprovechando recursos forrajeros que de otra manera se perder\u00edan y realizando una importante labor de limpieza en los montes.<\/span><\/p>\n<p><span style=\"font-weight: 400;\">Existen <\/span><b>dos variedades<\/b><span style=\"font-weight: 400;\"> diferenciadas en la forma y coloraci\u00f3n de cara y extremidades. La latxa <\/span><b>cara rubia<\/b><span style=\"font-weight: 400;\">, posee un color de cabeza y extremidades que var\u00eda entre el rojizo y el blanco con ligeros matices de color rubio, y las hembras carecen de cuernos. La Latxa <\/span><b>cara negra<\/b><span style=\"font-weight: 400;\"> por el contrario, se caracteriza por el color oscuro de cabeza y extremidades y en la variedad de Navarra tanto los machos como las hembras presentan cuernos.<\/span><\/p>\n<p><span style=\"font-weight: 400;\">Todas ellas tienen muy buen <\/span><b>car\u00e1cter lechero<\/b><span style=\"font-weight: 400;\">; proporcionan leche de gran calidad con la que amamantan a sus corderos, que se comercializan amparados bajo la Indicaci\u00f3n Geogr\u00e1fica Protegida \u201cCordero de Navarra\u201d y una vez en orde\u00f1o, la leche se destina a la elaboraci\u00f3n de quesos de Denominaci\u00f3n de Origen Idiazabal y Roncal. La raza Latxa es una raza con magn\u00edficas capacidades que poco a poco son mejoradas gracias a la labor de<\/span><b> ASLANA<\/b><span style=\"font-weight: 400;\">.<\/span><\/p>\n<p><span style=\"font-weight: 400;\">ASLANA<\/span><\/p>\n<p><span style=\"font-weight: 400;\">La labor de ASLANA consiste en la gesti\u00f3n y desarrollo del programa de mejora gen\u00e9tica de la raza Latxa en Navarra, basado en la selecci\u00f3n. Generaci\u00f3n tras generaci\u00f3n se van seleccionando los mejores animales de la poblaci\u00f3n para ser utilizados como padres de la siguiente generaci\u00f3n. Las herramientas con las que cuenta son el Libro Geneal\u00f3gico, el Control Lechero, la Inseminaci\u00f3n Artificial y la Evaluaci\u00f3n Gen\u00e9tica.<\/span><\/p>\n<\/div><\/div><\/div><\/div><\/div>\n","protected":false},"excerpt":{"rendered":"","protected":false},"author":1,"featured_media":0,"parent":0,"menu_order":0,"comment_status":"closed","ping_status":"closed","template":"","meta":{"footnotes":""},"class_list":["post-3362","page","type-page","status-publish","hentry"],"yoast_head":"<!-- This site is optimized with the Yoast SEO plugin v26.1.1 - https:\/\/yoast.com\/wordpress\/plugins\/seo\/ -->\n<title>Oveja Latxa - Artzai Eguna<\/title>\n<meta name=\"robots\" content=\"index, follow, max-snippet:-1, max-image-preview:large, max-video-preview:-1\" \/>\n<link rel=\"canonical\" href=\"https:\/\/artzaieguna.eus\/index.php\/es\/oveja-latxa\/\" \/>\n<meta property=\"og:locale\" content=\"es_ES\" \/>\n<meta property=\"og:type\" content=\"article\" \/>\n<meta property=\"og:title\" content=\"Oveja Latxa - Artzai Eguna\" \/>\n<meta property=\"og:url\" content=\"https:\/\/artzaieguna.eus\/index.php\/es\/oveja-latxa\/\" \/>\n<meta property=\"og:site_name\" content=\"Artzai Eguna\" \/>\n<meta property=\"article:publisher\" content=\"https:\/\/www.facebook.com\/artzaieguna\" \/>\n<meta property=\"article:modified_time\" content=\"2023-06-22T13:28:48+00:00\" \/>\n<meta name=\"twitter:card\" content=\"summary_large_image\" \/>\n<meta name=\"twitter:label1\" content=\"Tiempo de lectura\" \/>\n\t<meta name=\"twitter:data1\" content=\"4 minutos\" \/>\n<script type=\"application\/ld+json\" class=\"yoast-schema-graph\">{\"@context\":\"https:\/\/schema.org\",\"@graph\":[{\"@type\":\"WebPage\",\"@id\":\"https:\/\/artzaieguna.eus\/index.php\/es\/oveja-latxa\/\",\"url\":\"https:\/\/artzaieguna.eus\/index.php\/es\/oveja-latxa\/\",\"name\":\"Oveja Latxa - Artzai Eguna\",\"isPartOf\":{\"@id\":\"https:\/\/artzaieguna.eus\/#website\"},\"datePublished\":\"2023-06-12T17:23:14+00:00\",\"dateModified\":\"2023-06-22T13:28:48+00:00\",\"breadcrumb\":{\"@id\":\"https:\/\/artzaieguna.eus\/index.php\/es\/oveja-latxa\/#breadcrumb\"},\"inLanguage\":\"es\",\"potentialAction\":[{\"@type\":\"ReadAction\",\"target\":[\"https:\/\/artzaieguna.eus\/index.php\/es\/oveja-latxa\/\"]}]},{\"@type\":\"BreadcrumbList\",\"@id\":\"https:\/\/artzaieguna.eus\/index.php\/es\/oveja-latxa\/#breadcrumb\",\"itemListElement\":[{\"@type\":\"ListItem\",\"position\":1,\"name\":\"Portada\",\"item\":\"https:\/\/artzaieguna.eus\/\"},{\"@type\":\"ListItem\",\"position\":2,\"name\":\"Oveja Latxa\"}]},{\"@type\":\"WebSite\",\"@id\":\"https:\/\/artzaieguna.eus\/#website\",\"url\":\"https:\/\/artzaieguna.eus\/\",\"name\":\"Artzai Eguna\",\"description\":\"Artzai Eguna-ren informazio webgunea\",\"publisher\":{\"@id\":\"https:\/\/artzaieguna.eus\/#organization\"},\"potentialAction\":[{\"@type\":\"SearchAction\",\"target\":{\"@type\":\"EntryPoint\",\"urlTemplate\":\"https:\/\/artzaieguna.eus\/?s={search_term_string}\"},\"query-input\":{\"@type\":\"PropertyValueSpecification\",\"valueRequired\":true,\"valueName\":\"search_term_string\"}}],\"inLanguage\":\"es\"},{\"@type\":\"Organization\",\"@id\":\"https:\/\/artzaieguna.eus\/#organization\",\"name\":\"Artzai Eguna\",\"url\":\"https:\/\/artzaieguna.eus\/\",\"logo\":{\"@type\":\"ImageObject\",\"inLanguage\":\"es\",\"@id\":\"https:\/\/artzaieguna.eus\/#\/schema\/logo\/image\/\",\"url\":\"https:\/\/artzaieguna.eus\/wp-content\/uploads\/2019\/07\/LogoArtzaiEguna.jpg\",\"contentUrl\":\"https:\/\/artzaieguna.eus\/wp-content\/uploads\/2019\/07\/LogoArtzaiEguna.jpg\",\"width\":1104,\"height\":1280,\"caption\":\"Artzai Eguna\"},\"image\":{\"@id\":\"https:\/\/artzaieguna.eus\/#\/schema\/logo\/image\/\"},\"sameAs\":[\"https:\/\/www.facebook.com\/artzaieguna\"]}]}<\/script>\n<!-- \/ Yoast SEO plugin. -->","yoast_head_json":{"title":"Oveja Latxa - Artzai Eguna","robots":{"index":"index","follow":"follow","max-snippet":"max-snippet:-1","max-image-preview":"max-image-preview:large","max-video-preview":"max-video-preview:-1"},"canonical":"https:\/\/artzaieguna.eus\/index.php\/es\/oveja-latxa\/","og_locale":"es_ES","og_type":"article","og_title":"Oveja Latxa - Artzai Eguna","og_url":"https:\/\/artzaieguna.eus\/index.php\/es\/oveja-latxa\/","og_site_name":"Artzai Eguna","article_publisher":"https:\/\/www.facebook.com\/artzaieguna","article_modified_time":"2023-06-22T13:28:48+00:00","twitter_card":"summary_large_image","twitter_misc":{"Tiempo de lectura":"4 minutos"},"schema":{"@context":"https:\/\/schema.org","@graph":[{"@type":"WebPage","@id":"https:\/\/artzaieguna.eus\/index.php\/es\/oveja-latxa\/","url":"https:\/\/artzaieguna.eus\/index.php\/es\/oveja-latxa\/","name":"Oveja Latxa - Artzai Eguna","isPartOf":{"@id":"https:\/\/artzaieguna.eus\/#website"},"datePublished":"2023-06-12T17:23:14+00:00","dateModified":"2023-06-22T13:28:48+00:00","breadcrumb":{"@id":"https:\/\/artzaieguna.eus\/index.php\/es\/oveja-latxa\/#breadcrumb"},"inLanguage":"es","potentialAction":[{"@type":"ReadAction","target":["https:\/\/artzaieguna.eus\/index.php\/es\/oveja-latxa\/"]}]},{"@type":"BreadcrumbList","@id":"https:\/\/artzaieguna.eus\/index.php\/es\/oveja-latxa\/#breadcrumb","itemListElement":[{"@type":"ListItem","position":1,"name":"Portada","item":"https:\/\/artzaieguna.eus\/"},{"@type":"ListItem","position":2,"name":"Oveja Latxa"}]},{"@type":"WebSite","@id":"https:\/\/artzaieguna.eus\/#website","url":"https:\/\/artzaieguna.eus\/","name":"Artzai Eguna","description":"Artzai Eguna-ren informazio webgunea","publisher":{"@id":"https:\/\/artzaieguna.eus\/#organization"},"potentialAction":[{"@type":"SearchAction","target":{"@type":"EntryPoint","urlTemplate":"https:\/\/artzaieguna.eus\/?s={search_term_string}"},"query-input":{"@type":"PropertyValueSpecification","valueRequired":true,"valueName":"search_term_string"}}],"inLanguage":"es"},{"@type":"Organization","@id":"https:\/\/artzaieguna.eus\/#organization","name":"Artzai Eguna","url":"https:\/\/artzaieguna.eus\/","logo":{"@type":"ImageObject","inLanguage":"es","@id":"https:\/\/artzaieguna.eus\/#\/schema\/logo\/image\/","url":"https:\/\/artzaieguna.eus\/wp-content\/uploads\/2019\/07\/LogoArtzaiEguna.jpg","contentUrl":"https:\/\/artzaieguna.eus\/wp-content\/uploads\/2019\/07\/LogoArtzaiEguna.jpg","width":1104,"height":1280,"caption":"Artzai Eguna"},"image":{"@id":"https:\/\/artzaieguna.eus\/#\/schema\/logo\/image\/"},"sameAs":["https:\/\/www.facebook.com\/artzaieguna"]}]}},"_links":{"self":[{"href":"https:\/\/artzaieguna.eus\/index.php\/wp-json\/wp\/v2\/pages\/3362","targetHints":{"allow":["GET"]}}],"collection":[{"href":"https:\/\/artzaieguna.eus\/index.php\/wp-json\/wp\/v2\/pages"}],"about":[{"href":"https:\/\/artzaieguna.eus\/index.php\/wp-json\/wp\/v2\/types\/page"}],"author":[{"embeddable":true,"href":"https:\/\/artzaieguna.eus\/index.php\/wp-json\/wp\/v2\/users\/1"}],"replies":[{"embeddable":true,"href":"https:\/\/artzaieguna.eus\/index.php\/wp-json\/wp\/v2\/comments?post=3362"}],"version-history":[{"count":8,"href":"https:\/\/artzaieguna.eus\/index.php\/wp-json\/wp\/v2\/pages\/3362\/revisions"}],"predecessor-version":[{"id":3460,"href":"https:\/\/artzaieguna.eus\/index.php\/wp-json\/wp\/v2\/pages\/3362\/revisions\/3460"}],"wp:attachment":[{"href":"https:\/\/artzaieguna.eus\/index.php\/wp-json\/wp\/v2\/media?parent=3362"}],"curies":[{"name":"wp","href":"https:\/\/api.w.org\/{rel}","templated":true}]}}