{"id":3376,"date":"2023-06-12T17:31:58","date_gmt":"2023-06-12T17:31:58","guid":{"rendered":"https:\/\/artzaieguna.eus\/?page_id=3376"},"modified":"2024-07-02T16:19:44","modified_gmt":"2024-07-02T16:19:44","slug":"bases-del-concurso-de-quesos","status":"publish","type":"page","link":"https:\/\/artzaieguna.eus\/index.php\/es\/bases-del-concurso-de-quesos\/","title":{"rendered":"Bases del Concurso de quesos"},"content":{"rendered":"<div class=\"fusion-fullwidth fullwidth-box fusion-builder-row-1 fusion-flex-container has-pattern-background has-mask-background nonhundred-percent-fullwidth non-hundred-percent-height-scrolling\" style=\"--awb-border-radius-top-left:0px;--awb-border-radius-top-right:0px;--awb-border-radius-bottom-right:0px;--awb-border-radius-bottom-left:0px;--awb-flex-wrap:wrap;\" ><div class=\"fusion-builder-row fusion-row fusion-flex-align-items-flex-start fusion-flex-content-wrap\" style=\"max-width:1248px;margin-left: calc(-4% \/ 2 );margin-right: calc(-4% \/ 2 );\"><div class=\"fusion-layout-column fusion_builder_column fusion-builder-column-0 fusion_builder_column_1_1 1_1 fusion-flex-column\" style=\"--awb-bg-size:cover;--awb-width-large:100%;--awb-margin-top-large:0px;--awb-spacing-right-large:1.92%;--awb-margin-bottom-large:0px;--awb-spacing-left-large:1.92%;--awb-width-medium:100%;--awb-order-medium:0;--awb-spacing-right-medium:1.92%;--awb-spacing-left-medium:1.92%;--awb-width-small:100%;--awb-order-small:0;--awb-spacing-right-small:1.92%;--awb-spacing-left-small:1.92%;\"><div class=\"fusion-column-wrapper fusion-column-has-shadow fusion-flex-justify-content-flex-start fusion-content-layout-column\"><div class=\"fusion-title title fusion-title-1 sep-underline sep-solid fusion-title-center fusion-title-text fusion-title-size-one\"><h1 class=\"fusion-title-heading title-heading-center\" style=\"margin:0;\"><span style=\"font-weight: 400;\">BASES DEL CONCURSO DE QUESOS DE LECHE CRUDA DE OVEJA LATXA Y\/O RONCALESA DE NAVARRA<\/span><\/h1><\/div><div class=\"fusion-text fusion-text-1\"><p><strong>Inscripci\u00f3n<\/strong><\/p>\n<ol>\n<li style=\"font-weight: 400;\" aria-level=\"1\"><span style=\"font-weight: 400;\">Podr\u00e1n presentarse a este concurso quesos de leche cruda de ovejas de raza latxa y\/o roncalesa que pasten dentro de la comunidad de Navarra.\u00a0<\/span><\/li>\n<li style=\"font-weight: 400;\" aria-level=\"1\"><span style=\"font-weight: 400;\">Los quesos presentados a concurso deber\u00e1n estar elaborados a una temperatura menor de 38\u00baC dentro de la temporada del 01-10-2023 al 23-06-24 con una curaci\u00f3n m\u00ednima de 60 d\u00edas. No est\u00e1 permitido incorporar leche de otra explotaci\u00f3n. As\u00ed, se podr\u00e1 exigir la certificaci\u00f3n de la Denominaci\u00f3n de Origen Idiazabal, de la asociaci\u00f3n Artzai Gazta o del CEPAEN.<\/span><\/li>\n<li style=\"font-weight: 400;\" aria-level=\"1\"><span style=\"font-weight: 400;\">Para tomar parte en este concurso es necesario efectuar la inscripci\u00f3n con 5 d\u00edas de antelaci\u00f3n.<\/span><\/li>\n<li style=\"font-weight: 400;\" aria-level=\"1\"><span style=\"font-weight: 400;\">La entrega del queso presentado a concurso la efectuar\u00e1 personalmente el productor o productora que desee participar desde las 8:30 hasta las 9:30 de la ma\u00f1ana del d\u00eda 25 de agosto en la sociedad. Si a alguna queser\u00eda no le es posible entregar en la sociedad, se permitir\u00e1 entregar antes en las oficinas de DOP Idiazabal o Artzai Gazta (ponerse en contacto con ellos).<\/span><\/li>\n<li style=\"font-weight: 400;\" aria-level=\"1\"><span style=\"font-weight: 400;\">Los quesos presentados deber\u00e1n tener un peso comprendido entre 1 y 2 kg. y deber\u00e1n contar con el correspondiente registro sanitario y placa de case\u00edna.<\/span><\/li>\n<li style=\"font-weight: 400;\" aria-level=\"1\"><span style=\"font-weight: 400;\">Realizada la inscripci\u00f3n, se proceder\u00e1 al abono del valor del queso a raz\u00f3n de 18,50 \u20ac\/kg. A partir de ese momento el queso ser\u00e1 propiedad de la sociedad Aralar Mendi.<\/span><\/li>\n<\/ol>\n<p><strong>Concurso\u00a0<\/strong><\/p>\n<p><span style=\"font-weight: 400;\">La cata de los quesos por el jurado dar\u00e1 comienzo a las 10:30 de la ma\u00f1ana del mismo d\u00eda en la plaza de Uharte Arakil, estim\u00e1ndose su finalizaci\u00f3n para la 13:00 del mediod\u00eda, procedi\u00e9ndose a continuaci\u00f3n al reparto de premios.<\/span><\/p>\n<p><strong>Premios<\/strong><\/p>\n<p><span style=\"font-weight: 400;\">Los 10 primeros quesos clasificados participar\u00e1n en la final de Euskal Herria.\u00a0<\/span><\/p>\n<p><span style=\"font-weight: 400;\">Los premios ser\u00e1n los siguientes:<\/span><\/p>\n<ol>\n<li><span style=\"font-weight: 400;\">500 \u20ac, trofeo, kaiku donado por la Denominaci\u00f3n Origen Idiazabal y txapela.<\/span><\/li>\n<li><span style=\"font-weight: 400;\">150 \u20ac y trofeo.<\/span><\/li>\n<li><span style=\"font-weight: 400;\">125\u20ac y trofeo.<\/span><\/li>\n<li><span style=\"font-weight: 400;\">100 \u20ac y trofeo.<\/span><\/li>\n<li><span style=\"font-weight: 400;\">75 \u20ac y trofeo.<\/span><\/li>\n<li><span style=\"font-weight: 400;\">50 \u20ac y trofeo.<\/span><\/li>\n<\/ol>\n<\/div><\/div><\/div><\/div><\/div>\n","protected":false},"excerpt":{"rendered":"","protected":false},"author":1,"featured_media":0,"parent":0,"menu_order":0,"comment_status":"closed","ping_status":"closed","template":"","meta":{"footnotes":""},"class_list":["post-3376","page","type-page","status-publish","hentry"],"yoast_head":"<!-- This site is optimized with the Yoast SEO plugin v26.1.1 - https:\/\/yoast.com\/wordpress\/plugins\/seo\/ -->\n<title>Bases del Concurso de quesos - Artzai Eguna<\/title>\n<meta name=\"robots\" content=\"index, follow, max-snippet:-1, max-image-preview:large, max-video-preview:-1\" \/>\n<link rel=\"canonical\" href=\"https:\/\/artzaieguna.eus\/index.php\/es\/bases-del-concurso-de-quesos\/\" \/>\n<meta property=\"og:locale\" content=\"es_ES\" \/>\n<meta property=\"og:type\" content=\"article\" \/>\n<meta property=\"og:title\" content=\"Bases del Concurso de quesos - Artzai Eguna\" \/>\n<meta property=\"og:url\" content=\"https:\/\/artzaieguna.eus\/index.php\/es\/bases-del-concurso-de-quesos\/\" \/>\n<meta property=\"og:site_name\" content=\"Artzai Eguna\" \/>\n<meta property=\"article:publisher\" content=\"https:\/\/www.facebook.com\/artzaieguna\" \/>\n<meta property=\"article:modified_time\" content=\"2024-07-02T16:19:44+00:00\" \/>\n<meta name=\"twitter:card\" content=\"summary_large_image\" \/>\n<meta name=\"twitter:label1\" content=\"Tiempo de lectura\" \/>\n\t<meta name=\"twitter:data1\" content=\"2 minutos\" \/>\n<script type=\"application\/ld+json\" class=\"yoast-schema-graph\">{\"@context\":\"https:\/\/schema.org\",\"@graph\":[{\"@type\":\"WebPage\",\"@id\":\"https:\/\/artzaieguna.eus\/index.php\/es\/bases-del-concurso-de-quesos\/\",\"url\":\"https:\/\/artzaieguna.eus\/index.php\/es\/bases-del-concurso-de-quesos\/\",\"name\":\"Bases del Concurso de quesos - Artzai Eguna\",\"isPartOf\":{\"@id\":\"https:\/\/artzaieguna.eus\/#website\"},\"datePublished\":\"2023-06-12T17:31:58+00:00\",\"dateModified\":\"2024-07-02T16:19:44+00:00\",\"breadcrumb\":{\"@id\":\"https:\/\/artzaieguna.eus\/index.php\/es\/bases-del-concurso-de-quesos\/#breadcrumb\"},\"inLanguage\":\"es\",\"potentialAction\":[{\"@type\":\"ReadAction\",\"target\":[\"https:\/\/artzaieguna.eus\/index.php\/es\/bases-del-concurso-de-quesos\/\"]}]},{\"@type\":\"BreadcrumbList\",\"@id\":\"https:\/\/artzaieguna.eus\/index.php\/es\/bases-del-concurso-de-quesos\/#breadcrumb\",\"itemListElement\":[{\"@type\":\"ListItem\",\"position\":1,\"name\":\"Portada\",\"item\":\"https:\/\/artzaieguna.eus\/\"},{\"@type\":\"ListItem\",\"position\":2,\"name\":\"Bases del Concurso de quesos\"}]},{\"@type\":\"WebSite\",\"@id\":\"https:\/\/artzaieguna.eus\/#website\",\"url\":\"https:\/\/artzaieguna.eus\/\",\"name\":\"Artzai Eguna\",\"description\":\"Artzai Eguna-ren informazio webgunea\",\"publisher\":{\"@id\":\"https:\/\/artzaieguna.eus\/#organization\"},\"potentialAction\":[{\"@type\":\"SearchAction\",\"target\":{\"@type\":\"EntryPoint\",\"urlTemplate\":\"https:\/\/artzaieguna.eus\/?s={search_term_string}\"},\"query-input\":{\"@type\":\"PropertyValueSpecification\",\"valueRequired\":true,\"valueName\":\"search_term_string\"}}],\"inLanguage\":\"es\"},{\"@type\":\"Organization\",\"@id\":\"https:\/\/artzaieguna.eus\/#organization\",\"name\":\"Artzai Eguna\",\"url\":\"https:\/\/artzaieguna.eus\/\",\"logo\":{\"@type\":\"ImageObject\",\"inLanguage\":\"es\",\"@id\":\"https:\/\/artzaieguna.eus\/#\/schema\/logo\/image\/\",\"url\":\"https:\/\/artzaieguna.eus\/wp-content\/uploads\/2019\/07\/LogoArtzaiEguna.jpg\",\"contentUrl\":\"https:\/\/artzaieguna.eus\/wp-content\/uploads\/2019\/07\/LogoArtzaiEguna.jpg\",\"width\":1104,\"height\":1280,\"caption\":\"Artzai Eguna\"},\"image\":{\"@id\":\"https:\/\/artzaieguna.eus\/#\/schema\/logo\/image\/\"},\"sameAs\":[\"https:\/\/www.facebook.com\/artzaieguna\"]}]}<\/script>\n<!-- \/ Yoast SEO plugin. -->","yoast_head_json":{"title":"Bases del Concurso de quesos - Artzai Eguna","robots":{"index":"index","follow":"follow","max-snippet":"max-snippet:-1","max-image-preview":"max-image-preview:large","max-video-preview":"max-video-preview:-1"},"canonical":"https:\/\/artzaieguna.eus\/index.php\/es\/bases-del-concurso-de-quesos\/","og_locale":"es_ES","og_type":"article","og_title":"Bases del Concurso de quesos - Artzai Eguna","og_url":"https:\/\/artzaieguna.eus\/index.php\/es\/bases-del-concurso-de-quesos\/","og_site_name":"Artzai Eguna","article_publisher":"https:\/\/www.facebook.com\/artzaieguna","article_modified_time":"2024-07-02T16:19:44+00:00","twitter_card":"summary_large_image","twitter_misc":{"Tiempo de lectura":"2 minutos"},"schema":{"@context":"https:\/\/schema.org","@graph":[{"@type":"WebPage","@id":"https:\/\/artzaieguna.eus\/index.php\/es\/bases-del-concurso-de-quesos\/","url":"https:\/\/artzaieguna.eus\/index.php\/es\/bases-del-concurso-de-quesos\/","name":"Bases del Concurso de quesos - Artzai Eguna","isPartOf":{"@id":"https:\/\/artzaieguna.eus\/#website"},"datePublished":"2023-06-12T17:31:58+00:00","dateModified":"2024-07-02T16:19:44+00:00","breadcrumb":{"@id":"https:\/\/artzaieguna.eus\/index.php\/es\/bases-del-concurso-de-quesos\/#breadcrumb"},"inLanguage":"es","potentialAction":[{"@type":"ReadAction","target":["https:\/\/artzaieguna.eus\/index.php\/es\/bases-del-concurso-de-quesos\/"]}]},{"@type":"BreadcrumbList","@id":"https:\/\/artzaieguna.eus\/index.php\/es\/bases-del-concurso-de-quesos\/#breadcrumb","itemListElement":[{"@type":"ListItem","position":1,"name":"Portada","item":"https:\/\/artzaieguna.eus\/"},{"@type":"ListItem","position":2,"name":"Bases del Concurso de quesos"}]},{"@type":"WebSite","@id":"https:\/\/artzaieguna.eus\/#website","url":"https:\/\/artzaieguna.eus\/","name":"Artzai Eguna","description":"Artzai Eguna-ren informazio webgunea","publisher":{"@id":"https:\/\/artzaieguna.eus\/#organization"},"potentialAction":[{"@type":"SearchAction","target":{"@type":"EntryPoint","urlTemplate":"https:\/\/artzaieguna.eus\/?s={search_term_string}"},"query-input":{"@type":"PropertyValueSpecification","valueRequired":true,"valueName":"search_term_string"}}],"inLanguage":"es"},{"@type":"Organization","@id":"https:\/\/artzaieguna.eus\/#organization","name":"Artzai Eguna","url":"https:\/\/artzaieguna.eus\/","logo":{"@type":"ImageObject","inLanguage":"es","@id":"https:\/\/artzaieguna.eus\/#\/schema\/logo\/image\/","url":"https:\/\/artzaieguna.eus\/wp-content\/uploads\/2019\/07\/LogoArtzaiEguna.jpg","contentUrl":"https:\/\/artzaieguna.eus\/wp-content\/uploads\/2019\/07\/LogoArtzaiEguna.jpg","width":1104,"height":1280,"caption":"Artzai Eguna"},"image":{"@id":"https:\/\/artzaieguna.eus\/#\/schema\/logo\/image\/"},"sameAs":["https:\/\/www.facebook.com\/artzaieguna"]}]}},"_links":{"self":[{"href":"https:\/\/artzaieguna.eus\/index.php\/wp-json\/wp\/v2\/pages\/3376","targetHints":{"allow":["GET"]}}],"collection":[{"href":"https:\/\/artzaieguna.eus\/index.php\/wp-json\/wp\/v2\/pages"}],"about":[{"href":"https:\/\/artzaieguna.eus\/index.php\/wp-json\/wp\/v2\/types\/page"}],"author":[{"embeddable":true,"href":"https:\/\/artzaieguna.eus\/index.php\/wp-json\/wp\/v2\/users\/1"}],"replies":[{"embeddable":true,"href":"https:\/\/artzaieguna.eus\/index.php\/wp-json\/wp\/v2\/comments?post=3376"}],"version-history":[{"count":8,"href":"https:\/\/artzaieguna.eus\/index.php\/wp-json\/wp\/v2\/pages\/3376\/revisions"}],"predecessor-version":[{"id":3909,"href":"https:\/\/artzaieguna.eus\/index.php\/wp-json\/wp\/v2\/pages\/3376\/revisions\/3909"}],"wp:attachment":[{"href":"https:\/\/artzaieguna.eus\/index.php\/wp-json\/wp\/v2\/media?parent=3376"}],"curies":[{"name":"wp","href":"https:\/\/api.w.org\/{rel}","templated":true}]}}