{"id":3432,"date":"2023-06-21T19:12:21","date_gmt":"2023-06-21T19:12:21","guid":{"rendered":"https:\/\/artzaieguna.eus\/?page_id=3432"},"modified":"2025-08-17T14:15:02","modified_gmt":"2025-08-17T14:15:02","slug":"bases-del-concurso-de-oveja-latxa","status":"publish","type":"page","link":"https:\/\/artzaieguna.eus\/index.php\/es\/bases-del-concurso-de-oveja-latxa\/","title":{"rendered":"Bases del Concurso de Oveja Latxa"},"content":{"rendered":"<div class=\"fusion-fullwidth fullwidth-box fusion-builder-row-1 fusion-flex-container has-pattern-background has-mask-background nonhundred-percent-fullwidth non-hundred-percent-height-scrolling\" style=\"--awb-border-radius-top-left:0px;--awb-border-radius-top-right:0px;--awb-border-radius-bottom-right:0px;--awb-border-radius-bottom-left:0px;--awb-flex-wrap:wrap;\" ><div class=\"fusion-builder-row fusion-row fusion-flex-align-items-flex-start fusion-flex-content-wrap\" style=\"max-width:1248px;margin-left: calc(-4% \/ 2 );margin-right: calc(-4% \/ 2 );\"><div class=\"fusion-layout-column fusion_builder_column fusion-builder-column-0 fusion_builder_column_1_1 1_1 fusion-flex-column\" style=\"--awb-bg-size:cover;--awb-width-large:100%;--awb-margin-top-large:0px;--awb-spacing-right-large:1.92%;--awb-margin-bottom-large:0px;--awb-spacing-left-large:1.92%;--awb-width-medium:100%;--awb-order-medium:0;--awb-spacing-right-medium:1.92%;--awb-spacing-left-medium:1.92%;--awb-width-small:100%;--awb-order-small:0;--awb-spacing-right-small:1.92%;--awb-spacing-left-small:1.92%;\"><div class=\"fusion-column-wrapper fusion-column-has-shadow fusion-flex-justify-content-flex-start fusion-content-layout-column\"><div class=\"fusion-title title fusion-title-1 sep-underline sep-solid fusion-title-center fusion-title-text fusion-title-size-one\"><h1 class=\"fusion-title-heading title-heading-center\" style=\"margin:0;\"><span style=\"font-weight: 400;\">BASES DEL CONCURSO DE OVEJA LATXA<\/span><\/h1><\/div><div class=\"fusion-text fusion-text-1\"><p><strong>Inscripci\u00f3n<\/strong><\/p>\n<p><span style=\"font-weight: 400;\">Las ganader\u00edas que deseen participar con sus animales en los concursos deber\u00e1n inscribirse antes del d\u00eda 17 de agosto en la Asociaci\u00f3n de Criadores de Ovino Latxo de Navarra (ASLANA). <\/span><\/p>\n<p><strong>Concurso <\/strong><\/p>\n<p><span style=\"font-weight: 400;\">Podr\u00e1n participar en dichos cert\u00e1menes animales de raza Latxa inscritos en el libro geneal\u00f3gico de la raza, que presenten su correspondiente certificado geneal\u00f3gico y hayan realizado su control lechero en las campa\u00f1as 2023 y 2024. <\/span><\/p>\n<p><strong>Premios<\/strong><\/p>\n<p><span style=\"font-weight: 400;\"><strong>Premios del concurso morfol\u00f3gico:<\/strong> (los premios se dan tanto en la categor\u00eda de cara rubia como en la de cara negra) <\/span><\/p>\n<ol>\n<li><span style=\"font-weight: 400;\"> Para el primero en ovejas adultas: Trofeo y 150 \u20ac <\/span><\/li>\n<li><span style=\"font-weight: 400;\"> Para el segundo en ovejas adultas: Trofeo y 100 \u20ac <\/span><\/li>\n<li><span style=\"font-weight: 400;\"> Para el tercero en ovejas adultas: Trofeo y 50 \u20ac <\/span><\/li>\n<\/ol>\n<ol>\n<li><span style=\"font-weight: 400;\">Para el primero en corderas: Trofeo y 150\u20ac <\/span><\/li>\n<li> Para el segundo en corderas: Trofeo y 100 \u20ac<\/li>\n<li>Para el tercero en corderas: Trofeo y 50 \u20ac<\/li>\n<\/ol>\n<p><span style=\"font-weight: 400;\"><strong>Premios del concurso de mejora gen\u00e9tica:<\/strong> (los premios se dan tanto en la categor\u00eda de cara rubia como en la de cara negra) &#8211;<\/span><\/p>\n<ul>\n<li><span style=\"font-weight: 400;\">Mejor oveja para cantidad de leche: Trofeo y 100 \u20ac &#8211; <\/span><\/li>\n<li><span style=\"font-weight: 400;\">Mejor oveja para porcentaje grasa de la leche: Trofeo y 100 \u20ac &#8211; <\/span><\/li>\n<li><span style=\"font-weight: 400;\">Mejor oveja para porcentaje de prote\u00edna de la leche: Trofeo y 100 \u20ac &#8211; Mejor oveja para inserci\u00f3n de ubre: Trofeo y 100 \u20ac &#8211; <\/span><\/li>\n<li><span style=\"font-weight: 400;\">Mejor oveja para el \u00cdndice Combinado: Trofeo y 100 \u20ac &#8211; <\/span><\/li>\n<li><span style=\"font-weight: 400;\">Mejor reba\u00f1o en fertilidad de inseminaci\u00f3n: Trofeo y 100 \u20ac <\/span><\/li>\n<\/ul>\n<p><span style=\"font-weight: 400;\">Para ello nos basaremos en la \u00faltima valoraci\u00f3n gen\u00e9tica<\/span><\/p>\n<p>Cada animal presentado a concurso tendr\u00e1 una compensaci\u00f3n de 16\u20ac<\/p>\n<\/div><\/div><\/div><\/div><\/div>\n","protected":false},"excerpt":{"rendered":"","protected":false},"author":1,"featured_media":0,"parent":0,"menu_order":0,"comment_status":"closed","ping_status":"closed","template":"","meta":{"footnotes":""},"class_list":["post-3432","page","type-page","status-publish","hentry"],"yoast_head":"<!-- This site is optimized with the Yoast SEO plugin v26.1.1 - https:\/\/yoast.com\/wordpress\/plugins\/seo\/ -->\n<title>Bases del Concurso de Oveja Latxa - Artzai Eguna<\/title>\n<meta name=\"robots\" content=\"index, follow, max-snippet:-1, max-image-preview:large, max-video-preview:-1\" \/>\n<link rel=\"canonical\" href=\"https:\/\/artzaieguna.eus\/index.php\/es\/bases-del-concurso-de-oveja-latxa\/\" \/>\n<meta property=\"og:locale\" content=\"es_ES\" \/>\n<meta property=\"og:type\" content=\"article\" \/>\n<meta property=\"og:title\" content=\"Bases del Concurso de Oveja Latxa - Artzai Eguna\" \/>\n<meta property=\"og:url\" content=\"https:\/\/artzaieguna.eus\/index.php\/es\/bases-del-concurso-de-oveja-latxa\/\" \/>\n<meta property=\"og:site_name\" content=\"Artzai Eguna\" \/>\n<meta property=\"article:publisher\" content=\"https:\/\/www.facebook.com\/artzaieguna\" \/>\n<meta property=\"article:modified_time\" content=\"2025-08-17T14:15:02+00:00\" \/>\n<meta name=\"twitter:card\" content=\"summary_large_image\" \/>\n<meta name=\"twitter:label1\" content=\"Tiempo de lectura\" \/>\n\t<meta name=\"twitter:data1\" content=\"2 minutos\" \/>\n<script type=\"application\/ld+json\" class=\"yoast-schema-graph\">{\"@context\":\"https:\/\/schema.org\",\"@graph\":[{\"@type\":\"WebPage\",\"@id\":\"https:\/\/artzaieguna.eus\/index.php\/es\/bases-del-concurso-de-oveja-latxa\/\",\"url\":\"https:\/\/artzaieguna.eus\/index.php\/es\/bases-del-concurso-de-oveja-latxa\/\",\"name\":\"Bases del Concurso de Oveja Latxa - Artzai Eguna\",\"isPartOf\":{\"@id\":\"https:\/\/artzaieguna.eus\/#website\"},\"datePublished\":\"2023-06-21T19:12:21+00:00\",\"dateModified\":\"2025-08-17T14:15:02+00:00\",\"breadcrumb\":{\"@id\":\"https:\/\/artzaieguna.eus\/index.php\/es\/bases-del-concurso-de-oveja-latxa\/#breadcrumb\"},\"inLanguage\":\"es\",\"potentialAction\":[{\"@type\":\"ReadAction\",\"target\":[\"https:\/\/artzaieguna.eus\/index.php\/es\/bases-del-concurso-de-oveja-latxa\/\"]}]},{\"@type\":\"BreadcrumbList\",\"@id\":\"https:\/\/artzaieguna.eus\/index.php\/es\/bases-del-concurso-de-oveja-latxa\/#breadcrumb\",\"itemListElement\":[{\"@type\":\"ListItem\",\"position\":1,\"name\":\"Portada\",\"item\":\"https:\/\/artzaieguna.eus\/\"},{\"@type\":\"ListItem\",\"position\":2,\"name\":\"Bases del Concurso de Oveja Latxa\"}]},{\"@type\":\"WebSite\",\"@id\":\"https:\/\/artzaieguna.eus\/#website\",\"url\":\"https:\/\/artzaieguna.eus\/\",\"name\":\"Artzai Eguna\",\"description\":\"Artzai Eguna-ren informazio webgunea\",\"publisher\":{\"@id\":\"https:\/\/artzaieguna.eus\/#organization\"},\"potentialAction\":[{\"@type\":\"SearchAction\",\"target\":{\"@type\":\"EntryPoint\",\"urlTemplate\":\"https:\/\/artzaieguna.eus\/?s={search_term_string}\"},\"query-input\":{\"@type\":\"PropertyValueSpecification\",\"valueRequired\":true,\"valueName\":\"search_term_string\"}}],\"inLanguage\":\"es\"},{\"@type\":\"Organization\",\"@id\":\"https:\/\/artzaieguna.eus\/#organization\",\"name\":\"Artzai Eguna\",\"url\":\"https:\/\/artzaieguna.eus\/\",\"logo\":{\"@type\":\"ImageObject\",\"inLanguage\":\"es\",\"@id\":\"https:\/\/artzaieguna.eus\/#\/schema\/logo\/image\/\",\"url\":\"https:\/\/artzaieguna.eus\/wp-content\/uploads\/2019\/07\/LogoArtzaiEguna.jpg\",\"contentUrl\":\"https:\/\/artzaieguna.eus\/wp-content\/uploads\/2019\/07\/LogoArtzaiEguna.jpg\",\"width\":1104,\"height\":1280,\"caption\":\"Artzai Eguna\"},\"image\":{\"@id\":\"https:\/\/artzaieguna.eus\/#\/schema\/logo\/image\/\"},\"sameAs\":[\"https:\/\/www.facebook.com\/artzaieguna\"]}]}<\/script>\n<!-- \/ Yoast SEO plugin. -->","yoast_head_json":{"title":"Bases del Concurso de Oveja Latxa - Artzai Eguna","robots":{"index":"index","follow":"follow","max-snippet":"max-snippet:-1","max-image-preview":"max-image-preview:large","max-video-preview":"max-video-preview:-1"},"canonical":"https:\/\/artzaieguna.eus\/index.php\/es\/bases-del-concurso-de-oveja-latxa\/","og_locale":"es_ES","og_type":"article","og_title":"Bases del Concurso de Oveja Latxa - Artzai Eguna","og_url":"https:\/\/artzaieguna.eus\/index.php\/es\/bases-del-concurso-de-oveja-latxa\/","og_site_name":"Artzai Eguna","article_publisher":"https:\/\/www.facebook.com\/artzaieguna","article_modified_time":"2025-08-17T14:15:02+00:00","twitter_card":"summary_large_image","twitter_misc":{"Tiempo de lectura":"2 minutos"},"schema":{"@context":"https:\/\/schema.org","@graph":[{"@type":"WebPage","@id":"https:\/\/artzaieguna.eus\/index.php\/es\/bases-del-concurso-de-oveja-latxa\/","url":"https:\/\/artzaieguna.eus\/index.php\/es\/bases-del-concurso-de-oveja-latxa\/","name":"Bases del Concurso de Oveja Latxa - Artzai Eguna","isPartOf":{"@id":"https:\/\/artzaieguna.eus\/#website"},"datePublished":"2023-06-21T19:12:21+00:00","dateModified":"2025-08-17T14:15:02+00:00","breadcrumb":{"@id":"https:\/\/artzaieguna.eus\/index.php\/es\/bases-del-concurso-de-oveja-latxa\/#breadcrumb"},"inLanguage":"es","potentialAction":[{"@type":"ReadAction","target":["https:\/\/artzaieguna.eus\/index.php\/es\/bases-del-concurso-de-oveja-latxa\/"]}]},{"@type":"BreadcrumbList","@id":"https:\/\/artzaieguna.eus\/index.php\/es\/bases-del-concurso-de-oveja-latxa\/#breadcrumb","itemListElement":[{"@type":"ListItem","position":1,"name":"Portada","item":"https:\/\/artzaieguna.eus\/"},{"@type":"ListItem","position":2,"name":"Bases del Concurso de Oveja Latxa"}]},{"@type":"WebSite","@id":"https:\/\/artzaieguna.eus\/#website","url":"https:\/\/artzaieguna.eus\/","name":"Artzai Eguna","description":"Artzai Eguna-ren informazio webgunea","publisher":{"@id":"https:\/\/artzaieguna.eus\/#organization"},"potentialAction":[{"@type":"SearchAction","target":{"@type":"EntryPoint","urlTemplate":"https:\/\/artzaieguna.eus\/?s={search_term_string}"},"query-input":{"@type":"PropertyValueSpecification","valueRequired":true,"valueName":"search_term_string"}}],"inLanguage":"es"},{"@type":"Organization","@id":"https:\/\/artzaieguna.eus\/#organization","name":"Artzai Eguna","url":"https:\/\/artzaieguna.eus\/","logo":{"@type":"ImageObject","inLanguage":"es","@id":"https:\/\/artzaieguna.eus\/#\/schema\/logo\/image\/","url":"https:\/\/artzaieguna.eus\/wp-content\/uploads\/2019\/07\/LogoArtzaiEguna.jpg","contentUrl":"https:\/\/artzaieguna.eus\/wp-content\/uploads\/2019\/07\/LogoArtzaiEguna.jpg","width":1104,"height":1280,"caption":"Artzai Eguna"},"image":{"@id":"https:\/\/artzaieguna.eus\/#\/schema\/logo\/image\/"},"sameAs":["https:\/\/www.facebook.com\/artzaieguna"]}]}},"_links":{"self":[{"href":"https:\/\/artzaieguna.eus\/index.php\/wp-json\/wp\/v2\/pages\/3432","targetHints":{"allow":["GET"]}}],"collection":[{"href":"https:\/\/artzaieguna.eus\/index.php\/wp-json\/wp\/v2\/pages"}],"about":[{"href":"https:\/\/artzaieguna.eus\/index.php\/wp-json\/wp\/v2\/types\/page"}],"author":[{"embeddable":true,"href":"https:\/\/artzaieguna.eus\/index.php\/wp-json\/wp\/v2\/users\/1"}],"replies":[{"embeddable":true,"href":"https:\/\/artzaieguna.eus\/index.php\/wp-json\/wp\/v2\/comments?post=3432"}],"version-history":[{"count":3,"href":"https:\/\/artzaieguna.eus\/index.php\/wp-json\/wp\/v2\/pages\/3432\/revisions"}],"predecessor-version":[{"id":4415,"href":"https:\/\/artzaieguna.eus\/index.php\/wp-json\/wp\/v2\/pages\/3432\/revisions\/4415"}],"wp:attachment":[{"href":"https:\/\/artzaieguna.eus\/index.php\/wp-json\/wp\/v2\/media?parent=3432"}],"curies":[{"name":"wp","href":"https:\/\/api.w.org\/{rel}","templated":true}]}}