{"id":3484,"date":"2023-06-22T13:46:29","date_gmt":"2023-06-22T13:46:29","guid":{"rendered":"https:\/\/artzaieguna.eus\/?page_id=3484"},"modified":"2025-07-30T13:22:04","modified_gmt":"2025-07-30T13:22:04","slug":"como-llegar","status":"publish","type":"page","link":"https:\/\/artzaieguna.eus\/index.php\/es\/como-llegar\/","title":{"rendered":"C\u00f3mo llegar"},"content":{"rendered":"<div class=\"fusion-fullwidth fullwidth-box fusion-builder-row-1 fusion-flex-container has-pattern-background has-mask-background nonhundred-percent-fullwidth non-hundred-percent-height-scrolling\" style=\"--awb-border-radius-top-left:0px;--awb-border-radius-top-right:0px;--awb-border-radius-bottom-right:0px;--awb-border-radius-bottom-left:0px;--awb-flex-wrap:wrap;\" ><div class=\"fusion-builder-row fusion-row fusion-flex-align-items-flex-start fusion-flex-content-wrap\" style=\"max-width:1248px;margin-left: calc(-4% \/ 2 );margin-right: calc(-4% \/ 2 );\"><div class=\"fusion-layout-column fusion_builder_column fusion-builder-column-0 fusion_builder_column_1_1 1_1 fusion-flex-column\" style=\"--awb-bg-size:cover;--awb-width-large:100%;--awb-margin-top-large:0px;--awb-spacing-right-large:1.92%;--awb-margin-bottom-large:0px;--awb-spacing-left-large:1.92%;--awb-width-medium:100%;--awb-order-medium:0;--awb-spacing-right-medium:1.92%;--awb-spacing-left-medium:1.92%;--awb-width-small:100%;--awb-order-small:0;--awb-spacing-right-small:1.92%;--awb-spacing-left-small:1.92%;\"><div class=\"fusion-column-wrapper fusion-column-has-shadow fusion-flex-justify-content-flex-start fusion-content-layout-column\"><div class=\"fusion-title title fusion-title-1 sep-underline sep-solid fusion-title-center fusion-title-text fusion-title-size-one\"><h1 class=\"fusion-title-heading title-heading-center\" style=\"margin:0;\">C\u00d3MO LLEGAR<\/h1><\/div><\/div><\/div><div class=\"fusion-layout-column fusion_builder_column fusion-builder-column-1 fusion_builder_column_1_2 1_2 fusion-flex-column\" style=\"--awb-bg-size:cover;--awb-width-large:50%;--awb-margin-top-large:0px;--awb-spacing-right-large:3.84%;--awb-margin-bottom-large:20px;--awb-spacing-left-large:3.84%;--awb-width-medium:100%;--awb-order-medium:0;--awb-spacing-right-medium:1.92%;--awb-spacing-left-medium:1.92%;--awb-width-small:100%;--awb-order-small:0;--awb-spacing-right-small:1.92%;--awb-spacing-left-small:1.92%;\" data-scroll-devices=\"small-visibility,medium-visibility,large-visibility\"><div class=\"fusion-column-wrapper fusion-column-has-shadow fusion-flex-justify-content-flex-start fusion-content-layout-column\"><div class=\"fusion-text fusion-text-1\"><p>Uharte Arakil esta situado en el centro de <b>Sakana<\/b>, a 32 km de Pamplona- Iru\u00f1a, por la<b> A-10 <\/b>direcci\u00f3n Vitoria-Gasteiz, o a 62 km de Vitoria-Gasteiz direcci\u00f3n Pamplona- Iru\u00f1a tambi\u00e9n por la A-10. La <b>salida 12<\/b> es la \u00fanica por la que se puede acceder a la localidad<\/p>\n<\/div><div class=\"shortcode-map fusion-google-map fusion-maps-embed-type\"><iframe width=\"100%\" height=\"300px\" frameborder=\"0\" style=\"border:0\" src=\"https:\/\/www.google.com\/maps\/embed\/v1\/place?key=AIzaSyAnm1SFx0QhkxjxXQSqvIyryNaO5IFxLjc&language=es&q=Sociedad+Aralar+Mendi&maptype=roadmap&zoom=14\" allowfullscreen><\/iframe><\/div><\/div><\/div><div class=\"fusion-layout-column fusion_builder_column fusion-builder-column-2 fusion_builder_column_1_2 1_2 fusion-flex-column\" style=\"--awb-bg-size:cover;--awb-width-large:50%;--awb-margin-top-large:0px;--awb-spacing-right-large:3.84%;--awb-margin-bottom-large:0px;--awb-spacing-left-large:3.84%;--awb-width-medium:100%;--awb-order-medium:0;--awb-spacing-right-medium:1.92%;--awb-spacing-left-medium:1.92%;--awb-width-small:100%;--awb-order-small:0;--awb-spacing-right-small:1.92%;--awb-spacing-left-small:1.92%;\" data-scroll-devices=\"small-visibility,medium-visibility,large-visibility\"><div class=\"fusion-column-wrapper fusion-column-has-shadow fusion-flex-justify-content-flex-start fusion-content-layout-column\"><div class=\"fusion-text fusion-text-2\"><p>Los parkings se encuentran situados a las afueras del pueblo, si bien existe un parking cerca de la feria para las <b>personas con movilidad reducida.<\/b><\/p>\n<\/div><div class=\"fusion-image-element \" style=\"text-align:center;--awb-max-width:600px;--awb-caption-title-font-family:var(--h2_typography-font-family);--awb-caption-title-font-weight:var(--h2_typography-font-weight);--awb-caption-title-font-style:var(--h2_typography-font-style);--awb-caption-title-size:var(--h2_typography-font-size);--awb-caption-title-transform:var(--h2_typography-text-transform);--awb-caption-title-line-height:var(--h2_typography-line-height);--awb-caption-title-letter-spacing:var(--h2_typography-letter-spacing);\"><span class=\" fusion-imageframe imageframe-none imageframe-1 hover-type-none\"><a href=\"https:\/\/artzaieguna.eus\/wp-content\/uploads\/2023\/08\/MapaInfo23.jpg\" class=\"fusion-lightbox\" data-rel=\"iLightbox[b3dbfd6f3935628be33]\" data-title=\"MapaInfo23\" title=\"MapaInfo23\"><img decoding=\"async\" width=\"2482\" height=\"1182\" src=\"https:\/\/artzaieguna.eus\/wp-content\/uploads\/2023\/08\/MapaInfo23.jpg\" alt class=\"img-responsive wp-image-3867\" srcset=\"https:\/\/artzaieguna.eus\/wp-content\/uploads\/2023\/08\/MapaInfo23-200x95.jpg 200w, https:\/\/artzaieguna.eus\/wp-content\/uploads\/2023\/08\/MapaInfo23-400x190.jpg 400w, https:\/\/artzaieguna.eus\/wp-content\/uploads\/2023\/08\/MapaInfo23-600x286.jpg 600w, https:\/\/artzaieguna.eus\/wp-content\/uploads\/2023\/08\/MapaInfo23-800x381.jpg 800w, https:\/\/artzaieguna.eus\/wp-content\/uploads\/2023\/08\/MapaInfo23-1200x571.jpg 1200w, https:\/\/artzaieguna.eus\/wp-content\/uploads\/2023\/08\/MapaInfo23.jpg 2482w\" sizes=\"(max-width: 1024px) 100vw, (max-width: 640px) 100vw, 600px\" \/><\/a><\/span><\/div><\/div><\/div><div class=\"fusion-layout-column fusion_builder_column fusion-builder-column-3 fusion_builder_column_1_1 1_1 fusion-flex-column\" style=\"--awb-bg-size:cover;--awb-width-large:100%;--awb-margin-top-large:20px;--awb-spacing-right-large:1.92%;--awb-margin-bottom-large:0px;--awb-spacing-left-large:1.92%;--awb-width-medium:100%;--awb-order-medium:0;--awb-spacing-right-medium:1.92%;--awb-spacing-left-medium:1.92%;--awb-width-small:100%;--awb-order-small:0;--awb-spacing-right-small:1.92%;--awb-spacing-left-small:1.92%;\" data-scroll-devices=\"small-visibility,medium-visibility,large-visibility\"><div class=\"fusion-column-wrapper fusion-column-has-shadow fusion-flex-justify-content-flex-start fusion-content-layout-column\"><div class=\"fusion-text fusion-text-3\"><p>Tambi\u00e9n se puede llegar a la localidad en <b>transporte p\u00fablico<\/b>, tanto en tren como en autob\u00fas.<\/p>\n<p>Horarios autob\u00fas: <a href=\"https:\/\/laburundesa.com\/horarios-actuales-laburundesa\/\" target=\"_blank\" rel=\"noopener\">laburundesa.com: horarios actuales<\/a><\/p>\n<p>Horarios tren: <a href=\"https:\/\/www.renfe.com\/es\/es\" target=\"_blank\" rel=\"noopener\">renfe.com<\/a><\/p>\n<\/div><\/div><\/div><\/div><\/div>\n","protected":false},"excerpt":{"rendered":"","protected":false},"author":1,"featured_media":0,"parent":0,"menu_order":0,"comment_status":"closed","ping_status":"closed","template":"","meta":{"footnotes":""},"class_list":["post-3484","page","type-page","status-publish","hentry"],"yoast_head":"<!-- This site is optimized with the Yoast SEO plugin v26.1.1 - https:\/\/yoast.com\/wordpress\/plugins\/seo\/ -->\n<title>C\u00f3mo llegar - Artzai Eguna<\/title>\n<meta name=\"robots\" content=\"index, follow, max-snippet:-1, max-image-preview:large, max-video-preview:-1\" \/>\n<link rel=\"canonical\" href=\"https:\/\/artzaieguna.eus\/index.php\/es\/como-llegar\/\" \/>\n<meta property=\"og:locale\" content=\"es_ES\" \/>\n<meta property=\"og:type\" content=\"article\" \/>\n<meta property=\"og:title\" content=\"C\u00f3mo llegar - Artzai Eguna\" \/>\n<meta property=\"og:url\" content=\"https:\/\/artzaieguna.eus\/index.php\/es\/como-llegar\/\" \/>\n<meta property=\"og:site_name\" content=\"Artzai Eguna\" \/>\n<meta property=\"article:publisher\" content=\"https:\/\/www.facebook.com\/artzaieguna\" \/>\n<meta property=\"article:modified_time\" content=\"2025-07-30T13:22:04+00:00\" \/>\n<meta name=\"twitter:card\" content=\"summary_large_image\" \/>\n<meta name=\"twitter:label1\" content=\"Tiempo de lectura\" \/>\n\t<meta name=\"twitter:data1\" content=\"1 minuto\" \/>\n<script type=\"application\/ld+json\" class=\"yoast-schema-graph\">{\"@context\":\"https:\/\/schema.org\",\"@graph\":[{\"@type\":\"WebPage\",\"@id\":\"https:\/\/artzaieguna.eus\/index.php\/es\/como-llegar\/\",\"url\":\"https:\/\/artzaieguna.eus\/index.php\/es\/como-llegar\/\",\"name\":\"C\u00f3mo llegar - Artzai Eguna\",\"isPartOf\":{\"@id\":\"https:\/\/artzaieguna.eus\/#website\"},\"datePublished\":\"2023-06-22T13:46:29+00:00\",\"dateModified\":\"2025-07-30T13:22:04+00:00\",\"breadcrumb\":{\"@id\":\"https:\/\/artzaieguna.eus\/index.php\/es\/como-llegar\/#breadcrumb\"},\"inLanguage\":\"es\",\"potentialAction\":[{\"@type\":\"ReadAction\",\"target\":[\"https:\/\/artzaieguna.eus\/index.php\/es\/como-llegar\/\"]}]},{\"@type\":\"BreadcrumbList\",\"@id\":\"https:\/\/artzaieguna.eus\/index.php\/es\/como-llegar\/#breadcrumb\",\"itemListElement\":[{\"@type\":\"ListItem\",\"position\":1,\"name\":\"Portada\",\"item\":\"https:\/\/artzaieguna.eus\/\"},{\"@type\":\"ListItem\",\"position\":2,\"name\":\"C\u00f3mo llegar\"}]},{\"@type\":\"WebSite\",\"@id\":\"https:\/\/artzaieguna.eus\/#website\",\"url\":\"https:\/\/artzaieguna.eus\/\",\"name\":\"Artzai Eguna\",\"description\":\"Artzai Eguna-ren informazio webgunea\",\"publisher\":{\"@id\":\"https:\/\/artzaieguna.eus\/#organization\"},\"potentialAction\":[{\"@type\":\"SearchAction\",\"target\":{\"@type\":\"EntryPoint\",\"urlTemplate\":\"https:\/\/artzaieguna.eus\/?s={search_term_string}\"},\"query-input\":{\"@type\":\"PropertyValueSpecification\",\"valueRequired\":true,\"valueName\":\"search_term_string\"}}],\"inLanguage\":\"es\"},{\"@type\":\"Organization\",\"@id\":\"https:\/\/artzaieguna.eus\/#organization\",\"name\":\"Artzai Eguna\",\"url\":\"https:\/\/artzaieguna.eus\/\",\"logo\":{\"@type\":\"ImageObject\",\"inLanguage\":\"es\",\"@id\":\"https:\/\/artzaieguna.eus\/#\/schema\/logo\/image\/\",\"url\":\"https:\/\/artzaieguna.eus\/wp-content\/uploads\/2019\/07\/LogoArtzaiEguna.jpg\",\"contentUrl\":\"https:\/\/artzaieguna.eus\/wp-content\/uploads\/2019\/07\/LogoArtzaiEguna.jpg\",\"width\":1104,\"height\":1280,\"caption\":\"Artzai Eguna\"},\"image\":{\"@id\":\"https:\/\/artzaieguna.eus\/#\/schema\/logo\/image\/\"},\"sameAs\":[\"https:\/\/www.facebook.com\/artzaieguna\"]}]}<\/script>\n<!-- \/ Yoast SEO plugin. -->","yoast_head_json":{"title":"C\u00f3mo llegar - Artzai Eguna","robots":{"index":"index","follow":"follow","max-snippet":"max-snippet:-1","max-image-preview":"max-image-preview:large","max-video-preview":"max-video-preview:-1"},"canonical":"https:\/\/artzaieguna.eus\/index.php\/es\/como-llegar\/","og_locale":"es_ES","og_type":"article","og_title":"C\u00f3mo llegar - Artzai Eguna","og_url":"https:\/\/artzaieguna.eus\/index.php\/es\/como-llegar\/","og_site_name":"Artzai Eguna","article_publisher":"https:\/\/www.facebook.com\/artzaieguna","article_modified_time":"2025-07-30T13:22:04+00:00","twitter_card":"summary_large_image","twitter_misc":{"Tiempo de lectura":"1 minuto"},"schema":{"@context":"https:\/\/schema.org","@graph":[{"@type":"WebPage","@id":"https:\/\/artzaieguna.eus\/index.php\/es\/como-llegar\/","url":"https:\/\/artzaieguna.eus\/index.php\/es\/como-llegar\/","name":"C\u00f3mo llegar - Artzai Eguna","isPartOf":{"@id":"https:\/\/artzaieguna.eus\/#website"},"datePublished":"2023-06-22T13:46:29+00:00","dateModified":"2025-07-30T13:22:04+00:00","breadcrumb":{"@id":"https:\/\/artzaieguna.eus\/index.php\/es\/como-llegar\/#breadcrumb"},"inLanguage":"es","potentialAction":[{"@type":"ReadAction","target":["https:\/\/artzaieguna.eus\/index.php\/es\/como-llegar\/"]}]},{"@type":"BreadcrumbList","@id":"https:\/\/artzaieguna.eus\/index.php\/es\/como-llegar\/#breadcrumb","itemListElement":[{"@type":"ListItem","position":1,"name":"Portada","item":"https:\/\/artzaieguna.eus\/"},{"@type":"ListItem","position":2,"name":"C\u00f3mo llegar"}]},{"@type":"WebSite","@id":"https:\/\/artzaieguna.eus\/#website","url":"https:\/\/artzaieguna.eus\/","name":"Artzai Eguna","description":"Artzai Eguna-ren informazio webgunea","publisher":{"@id":"https:\/\/artzaieguna.eus\/#organization"},"potentialAction":[{"@type":"SearchAction","target":{"@type":"EntryPoint","urlTemplate":"https:\/\/artzaieguna.eus\/?s={search_term_string}"},"query-input":{"@type":"PropertyValueSpecification","valueRequired":true,"valueName":"search_term_string"}}],"inLanguage":"es"},{"@type":"Organization","@id":"https:\/\/artzaieguna.eus\/#organization","name":"Artzai Eguna","url":"https:\/\/artzaieguna.eus\/","logo":{"@type":"ImageObject","inLanguage":"es","@id":"https:\/\/artzaieguna.eus\/#\/schema\/logo\/image\/","url":"https:\/\/artzaieguna.eus\/wp-content\/uploads\/2019\/07\/LogoArtzaiEguna.jpg","contentUrl":"https:\/\/artzaieguna.eus\/wp-content\/uploads\/2019\/07\/LogoArtzaiEguna.jpg","width":1104,"height":1280,"caption":"Artzai Eguna"},"image":{"@id":"https:\/\/artzaieguna.eus\/#\/schema\/logo\/image\/"},"sameAs":["https:\/\/www.facebook.com\/artzaieguna"]}]}},"_links":{"self":[{"href":"https:\/\/artzaieguna.eus\/index.php\/wp-json\/wp\/v2\/pages\/3484","targetHints":{"allow":["GET"]}}],"collection":[{"href":"https:\/\/artzaieguna.eus\/index.php\/wp-json\/wp\/v2\/pages"}],"about":[{"href":"https:\/\/artzaieguna.eus\/index.php\/wp-json\/wp\/v2\/types\/page"}],"author":[{"embeddable":true,"href":"https:\/\/artzaieguna.eus\/index.php\/wp-json\/wp\/v2\/users\/1"}],"replies":[{"embeddable":true,"href":"https:\/\/artzaieguna.eus\/index.php\/wp-json\/wp\/v2\/comments?post=3484"}],"version-history":[{"count":14,"href":"https:\/\/artzaieguna.eus\/index.php\/wp-json\/wp\/v2\/pages\/3484\/revisions"}],"predecessor-version":[{"id":4298,"href":"https:\/\/artzaieguna.eus\/index.php\/wp-json\/wp\/v2\/pages\/3484\/revisions\/4298"}],"wp:attachment":[{"href":"https:\/\/artzaieguna.eus\/index.php\/wp-json\/wp\/v2\/media?parent=3484"}],"curies":[{"name":"wp","href":"https:\/\/api.w.org\/{rel}","templated":true}]}}