{"id":3490,"date":"2023-06-22T13:53:53","date_gmt":"2023-06-22T13:53:53","guid":{"rendered":"https:\/\/artzaieguna.eus\/?page_id=3490"},"modified":"2024-08-08T15:15:39","modified_gmt":"2024-08-08T15:15:39","slug":"saludo","status":"publish","type":"page","link":"https:\/\/artzaieguna.eus\/index.php\/es\/saludo\/","title":{"rendered":"Saludo"},"content":{"rendered":"<div class=\"fusion-fullwidth fullwidth-box fusion-builder-row-1 fusion-flex-container has-pattern-background has-mask-background nonhundred-percent-fullwidth non-hundred-percent-height-scrolling\" style=\"--awb-border-radius-top-left:0px;--awb-border-radius-top-right:0px;--awb-border-radius-bottom-right:0px;--awb-border-radius-bottom-left:0px;--awb-flex-wrap:wrap;\" ><div class=\"fusion-builder-row fusion-row fusion-flex-align-items-flex-start fusion-flex-content-wrap\" style=\"max-width:1248px;margin-left: calc(-4% \/ 2 );margin-right: calc(-4% \/ 2 );\"><div class=\"fusion-layout-column fusion_builder_column fusion-builder-column-0 fusion_builder_column_1_1 1_1 fusion-flex-column\" style=\"--awb-bg-size:cover;--awb-width-large:100%;--awb-margin-top-large:0px;--awb-spacing-right-large:1.92%;--awb-margin-bottom-large:0px;--awb-spacing-left-large:1.92%;--awb-width-medium:100%;--awb-order-medium:0;--awb-spacing-right-medium:1.92%;--awb-spacing-left-medium:1.92%;--awb-width-small:100%;--awb-order-small:0;--awb-spacing-right-small:1.92%;--awb-spacing-left-small:1.92%;\"><div class=\"fusion-column-wrapper fusion-column-has-shadow fusion-flex-justify-content-flex-start fusion-content-layout-column\"><div class=\"fusion-title title fusion-title-1 sep-underline sep-solid fusion-title-center fusion-title-text fusion-title-size-one\"><h1 class=\"fusion-title-heading title-heading-center\" style=\"margin:0;\">SALUDO<\/h1><\/div><div class=\"fusion-text fusion-text-1\"><p>El tiempo transcurre inmutable su transito y nosotros y nosotras, un a\u00f1o m\u00e1s cumplimos con la fiesta. Un a\u00f1o m\u00e1s los ganaderos y ganaderas cumplen con su labor, un a\u00f1o m\u00e1s el sector nos brinda lo mejor de su saber hacer, nos da de comer y nos cuida los pastos. Son por ende garantes del paisaje rural que conocemos y son por ello garant\u00eda de conservaci\u00f3n derivado del fruto de su actividad diaria, del esfuerzo y el tes\u00f3n con el que trabajan en pos de los alimentos que vienen siendo la base de la alimentaci\u00f3n humana desde hace miles de a\u00f1os, desde la revoluci\u00f3n neol\u00edtica concretamente.<\/p>\n<p>Mucho ha llovido desde entonces, pero siguen siendo el futuro y hoy por hoy son sin\u00f3nimo de calidad de los productos que comemos. Son imprescindibles y esa importancia es la que tenemos que recalcar; la puesta en valor de una labor digna y decisiva para la sociedad, ya que la viabilidad del estilo de vida del que hoy en d\u00eda disfrutamos se la debemos en gran medida a ellos y ellas. Se trata en definitiva de un sector primordial que se encarga de producir los alimentos que llegar\u00e1n a nuestras casas, ayudando al mismo tiempo a mantener el paisaje de nuestros valles y la vida en nuestros pueblos.<\/p>\n<p>Por ello querido visitante, piense por un instante en la siguiente estampa. El azulado cielo del est\u00edo en nuestros bellos bosques, el pasto de monta\u00f1a y el ganado paciendo armoniosamente mientras la tierna brisa mece la lana de las ovejas en una imagen id\u00edlica que podemos encontrar en nuestro territorio. Que las generaciones venideras disfruten de dicha realidad est\u00e1 en nuestra manos. Actuemos responsablemente y hagamos que esto siga siendo posible. Bienvenidos\/as al Artzai Eguna.<\/p>\n<p><strong>Roberto Jaca Navarro <\/strong>(Presidente de la Sociedad Aralar Mendi)<\/p>\n<\/div><\/div><\/div><\/div><\/div>\n","protected":false},"excerpt":{"rendered":"","protected":false},"author":1,"featured_media":0,"parent":0,"menu_order":0,"comment_status":"closed","ping_status":"closed","template":"","meta":{"footnotes":""},"class_list":["post-3490","page","type-page","status-publish","hentry"],"yoast_head":"<!-- This site is optimized with the Yoast SEO plugin v26.1.1 - https:\/\/yoast.com\/wordpress\/plugins\/seo\/ -->\n<title>Saludo - Artzai Eguna<\/title>\n<meta name=\"robots\" content=\"index, follow, max-snippet:-1, max-image-preview:large, max-video-preview:-1\" \/>\n<link rel=\"canonical\" href=\"https:\/\/artzaieguna.eus\/index.php\/es\/saludo\/\" \/>\n<meta property=\"og:locale\" content=\"es_ES\" \/>\n<meta property=\"og:type\" content=\"article\" \/>\n<meta property=\"og:title\" content=\"Saludo - Artzai Eguna\" \/>\n<meta property=\"og:url\" content=\"https:\/\/artzaieguna.eus\/index.php\/es\/saludo\/\" \/>\n<meta property=\"og:site_name\" content=\"Artzai Eguna\" \/>\n<meta property=\"article:publisher\" content=\"https:\/\/www.facebook.com\/artzaieguna\" \/>\n<meta property=\"article:modified_time\" content=\"2024-08-08T15:15:39+00:00\" \/>\n<meta name=\"twitter:card\" content=\"summary_large_image\" \/>\n<meta name=\"twitter:label1\" content=\"Tiempo de lectura\" \/>\n\t<meta name=\"twitter:data1\" content=\"2 minutos\" \/>\n<script type=\"application\/ld+json\" class=\"yoast-schema-graph\">{\"@context\":\"https:\/\/schema.org\",\"@graph\":[{\"@type\":\"WebPage\",\"@id\":\"https:\/\/artzaieguna.eus\/index.php\/es\/saludo\/\",\"url\":\"https:\/\/artzaieguna.eus\/index.php\/es\/saludo\/\",\"name\":\"Saludo - Artzai Eguna\",\"isPartOf\":{\"@id\":\"https:\/\/artzaieguna.eus\/#website\"},\"datePublished\":\"2023-06-22T13:53:53+00:00\",\"dateModified\":\"2024-08-08T15:15:39+00:00\",\"breadcrumb\":{\"@id\":\"https:\/\/artzaieguna.eus\/index.php\/es\/saludo\/#breadcrumb\"},\"inLanguage\":\"es\",\"potentialAction\":[{\"@type\":\"ReadAction\",\"target\":[\"https:\/\/artzaieguna.eus\/index.php\/es\/saludo\/\"]}]},{\"@type\":\"BreadcrumbList\",\"@id\":\"https:\/\/artzaieguna.eus\/index.php\/es\/saludo\/#breadcrumb\",\"itemListElement\":[{\"@type\":\"ListItem\",\"position\":1,\"name\":\"Portada\",\"item\":\"https:\/\/artzaieguna.eus\/\"},{\"@type\":\"ListItem\",\"position\":2,\"name\":\"Saludo\"}]},{\"@type\":\"WebSite\",\"@id\":\"https:\/\/artzaieguna.eus\/#website\",\"url\":\"https:\/\/artzaieguna.eus\/\",\"name\":\"Artzai Eguna\",\"description\":\"Artzai Eguna-ren informazio webgunea\",\"publisher\":{\"@id\":\"https:\/\/artzaieguna.eus\/#organization\"},\"potentialAction\":[{\"@type\":\"SearchAction\",\"target\":{\"@type\":\"EntryPoint\",\"urlTemplate\":\"https:\/\/artzaieguna.eus\/?s={search_term_string}\"},\"query-input\":{\"@type\":\"PropertyValueSpecification\",\"valueRequired\":true,\"valueName\":\"search_term_string\"}}],\"inLanguage\":\"es\"},{\"@type\":\"Organization\",\"@id\":\"https:\/\/artzaieguna.eus\/#organization\",\"name\":\"Artzai Eguna\",\"url\":\"https:\/\/artzaieguna.eus\/\",\"logo\":{\"@type\":\"ImageObject\",\"inLanguage\":\"es\",\"@id\":\"https:\/\/artzaieguna.eus\/#\/schema\/logo\/image\/\",\"url\":\"https:\/\/artzaieguna.eus\/wp-content\/uploads\/2019\/07\/LogoArtzaiEguna.jpg\",\"contentUrl\":\"https:\/\/artzaieguna.eus\/wp-content\/uploads\/2019\/07\/LogoArtzaiEguna.jpg\",\"width\":1104,\"height\":1280,\"caption\":\"Artzai Eguna\"},\"image\":{\"@id\":\"https:\/\/artzaieguna.eus\/#\/schema\/logo\/image\/\"},\"sameAs\":[\"https:\/\/www.facebook.com\/artzaieguna\"]}]}<\/script>\n<!-- \/ Yoast SEO plugin. -->","yoast_head_json":{"title":"Saludo - Artzai Eguna","robots":{"index":"index","follow":"follow","max-snippet":"max-snippet:-1","max-image-preview":"max-image-preview:large","max-video-preview":"max-video-preview:-1"},"canonical":"https:\/\/artzaieguna.eus\/index.php\/es\/saludo\/","og_locale":"es_ES","og_type":"article","og_title":"Saludo - Artzai Eguna","og_url":"https:\/\/artzaieguna.eus\/index.php\/es\/saludo\/","og_site_name":"Artzai Eguna","article_publisher":"https:\/\/www.facebook.com\/artzaieguna","article_modified_time":"2024-08-08T15:15:39+00:00","twitter_card":"summary_large_image","twitter_misc":{"Tiempo de lectura":"2 minutos"},"schema":{"@context":"https:\/\/schema.org","@graph":[{"@type":"WebPage","@id":"https:\/\/artzaieguna.eus\/index.php\/es\/saludo\/","url":"https:\/\/artzaieguna.eus\/index.php\/es\/saludo\/","name":"Saludo - Artzai Eguna","isPartOf":{"@id":"https:\/\/artzaieguna.eus\/#website"},"datePublished":"2023-06-22T13:53:53+00:00","dateModified":"2024-08-08T15:15:39+00:00","breadcrumb":{"@id":"https:\/\/artzaieguna.eus\/index.php\/es\/saludo\/#breadcrumb"},"inLanguage":"es","potentialAction":[{"@type":"ReadAction","target":["https:\/\/artzaieguna.eus\/index.php\/es\/saludo\/"]}]},{"@type":"BreadcrumbList","@id":"https:\/\/artzaieguna.eus\/index.php\/es\/saludo\/#breadcrumb","itemListElement":[{"@type":"ListItem","position":1,"name":"Portada","item":"https:\/\/artzaieguna.eus\/"},{"@type":"ListItem","position":2,"name":"Saludo"}]},{"@type":"WebSite","@id":"https:\/\/artzaieguna.eus\/#website","url":"https:\/\/artzaieguna.eus\/","name":"Artzai Eguna","description":"Artzai Eguna-ren informazio webgunea","publisher":{"@id":"https:\/\/artzaieguna.eus\/#organization"},"potentialAction":[{"@type":"SearchAction","target":{"@type":"EntryPoint","urlTemplate":"https:\/\/artzaieguna.eus\/?s={search_term_string}"},"query-input":{"@type":"PropertyValueSpecification","valueRequired":true,"valueName":"search_term_string"}}],"inLanguage":"es"},{"@type":"Organization","@id":"https:\/\/artzaieguna.eus\/#organization","name":"Artzai Eguna","url":"https:\/\/artzaieguna.eus\/","logo":{"@type":"ImageObject","inLanguage":"es","@id":"https:\/\/artzaieguna.eus\/#\/schema\/logo\/image\/","url":"https:\/\/artzaieguna.eus\/wp-content\/uploads\/2019\/07\/LogoArtzaiEguna.jpg","contentUrl":"https:\/\/artzaieguna.eus\/wp-content\/uploads\/2019\/07\/LogoArtzaiEguna.jpg","width":1104,"height":1280,"caption":"Artzai Eguna"},"image":{"@id":"https:\/\/artzaieguna.eus\/#\/schema\/logo\/image\/"},"sameAs":["https:\/\/www.facebook.com\/artzaieguna"]}]}},"_links":{"self":[{"href":"https:\/\/artzaieguna.eus\/index.php\/wp-json\/wp\/v2\/pages\/3490","targetHints":{"allow":["GET"]}}],"collection":[{"href":"https:\/\/artzaieguna.eus\/index.php\/wp-json\/wp\/v2\/pages"}],"about":[{"href":"https:\/\/artzaieguna.eus\/index.php\/wp-json\/wp\/v2\/types\/page"}],"author":[{"embeddable":true,"href":"https:\/\/artzaieguna.eus\/index.php\/wp-json\/wp\/v2\/users\/1"}],"replies":[{"embeddable":true,"href":"https:\/\/artzaieguna.eus\/index.php\/wp-json\/wp\/v2\/comments?post=3490"}],"version-history":[{"count":6,"href":"https:\/\/artzaieguna.eus\/index.php\/wp-json\/wp\/v2\/pages\/3490\/revisions"}],"predecessor-version":[{"id":4067,"href":"https:\/\/artzaieguna.eus\/index.php\/wp-json\/wp\/v2\/pages\/3490\/revisions\/4067"}],"wp:attachment":[{"href":"https:\/\/artzaieguna.eus\/index.php\/wp-json\/wp\/v2\/media?parent=3490"}],"curies":[{"name":"wp","href":"https:\/\/api.w.org\/{rel}","templated":true}]}}