{"id":4040,"date":"2024-08-02T13:22:25","date_gmt":"2024-08-02T13:22:25","guid":{"rendered":"https:\/\/artzaieguna.eus\/?page_id=4040"},"modified":"2025-08-20T09:34:37","modified_gmt":"2025-08-20T09:34:37","slug":"sostenibilidad","status":"publish","type":"page","link":"https:\/\/artzaieguna.eus\/index.php\/es\/sostenibilidad\/","title":{"rendered":"Sostenibilidad"},"content":{"rendered":"<div class=\"fusion-fullwidth fullwidth-box fusion-builder-row-1 fusion-flex-container has-pattern-background has-mask-background nonhundred-percent-fullwidth non-hundred-percent-height-scrolling\" style=\"--awb-border-radius-top-left:0px;--awb-border-radius-top-right:0px;--awb-border-radius-bottom-right:0px;--awb-border-radius-bottom-left:0px;--awb-flex-wrap:wrap;\" ><div class=\"fusion-builder-row fusion-row fusion-flex-align-items-flex-start fusion-flex-content-wrap\" style=\"max-width:1248px;margin-left: calc(-4% \/ 2 );margin-right: calc(-4% \/ 2 );\"><div class=\"fusion-layout-column fusion_builder_column fusion-builder-column-0 fusion_builder_column_1_1 1_1 fusion-flex-column\" style=\"--awb-bg-size:cover;--awb-width-large:100%;--awb-margin-top-large:0px;--awb-spacing-right-large:1.92%;--awb-margin-bottom-large:0px;--awb-spacing-left-large:1.92%;--awb-width-medium:100%;--awb-order-medium:0;--awb-spacing-right-medium:1.92%;--awb-spacing-left-medium:1.92%;--awb-width-small:100%;--awb-order-small:0;--awb-spacing-right-small:1.92%;--awb-spacing-left-small:1.92%;\"><div class=\"fusion-column-wrapper fusion-column-has-shadow fusion-flex-justify-content-flex-start fusion-content-layout-column\"><div class=\"fusion-text fusion-text-1\"><p><span style=\"font-weight: 400;\">El Artzai Eguna, cuyo objeto es el homenaje a la profesi\u00f3n del pastoreo tradicional vasco, es una apuesta en s\u00ed por la <\/span><b>sostenibilidad del territorio y medio ambiente<\/b><span style=\"font-weight: 400;\">. La ganader\u00eda extensiva, las peque\u00f1as explotaciones y elaboraci\u00f3n de productos mediante la transformaci\u00f3n de las materias primas del sector, favorecen el establecimiento en el territorio como lucha contra la despoblaci\u00f3n y el mantenimiento de nuestro paisajes. La apuesta por productos y quesos ecol\u00f3gicos o consumo de productos de kil\u00f3metro cero son tambi\u00e9n una se\u00f1a de identidad de la festividad.&nbsp;&nbsp;<\/span><\/p>\n<p><span style=\"font-weight: 400;\">Desde la organizaci\u00f3n de esta fiesta tambi\u00e9n estamos trabajando para que el mismo d\u00eda tambi\u00e9n sea lo m\u00e1s sostenible posible, con medias como:<\/span><\/p>\n<ul>\n<li><span style=\"font-weight: 400;\">Utilizando <\/span><b>infraestructuras existentes y\/o reutilizables<\/b><span style=\"font-weight: 400;\">.<\/span><\/li>\n<li><span style=\"font-weight: 400;\">Utilizando energ\u00eda procedente de fuentes de <\/span><b>energ\u00eda renovables<\/b><span style=\"font-weight: 400;\">.<\/span><\/li>\n<li><span style=\"font-weight: 400;\">Seleccionando <\/span><b>proveedores locales<\/b><span style=\"font-weight: 400;\"> y\/o que trabajen aplicando criterios de sostenibilidad.<\/span><\/li>\n<li><span style=\"font-weight: 400;\">Minimizando el <\/span><b>material impreso<\/b><span style=\"font-weight: 400;\"> y trabajando para que \u00e9ste sea lo m\u00e1s <\/span><b>ecol\u00f3gico<\/b><span style=\"font-weight: 400;\"> posible.<\/span><\/li>\n<li><span style=\"font-weight: 400;\">Utilizando <\/span><b>vajilla reutilizable<\/b><span style=\"font-weight: 400;\"> o, que la que es de un solo uso, sea <\/span><b>100% compostable<\/b><span style=\"font-weight: 400;\">.<\/span><\/li>\n<li><span style=\"font-weight: 400;\">Fomentando el <\/span><b>consumo responsable del agua<\/b><span style=\"font-weight: 400;\">.<\/span><\/li>\n<li><span style=\"font-weight: 400;\">Utilizando<\/span><b> sanitarios port\u00e1tiles<\/b><span style=\"font-weight: 400;\"> conectados a la red.<\/span><\/li>\n<li><span style=\"font-weight: 400;\">Fomentando el <\/span><b>reciclaje<\/b><span style=\"font-weight: 400;\"> de los residuos generados.<\/span><\/li>\n<li><span style=\"font-weight: 400;\">Fomentando el uso del transporte p\u00fablico (en lo posible) o el uso compartido de los veh\u00edculos privados. Horarios de trenes <\/span><a href=\"https:\/\/www.renfe.com\/es\/es\" target=\"_blank\" rel=\"noopener\"><span style=\"font-weight: 400;\">renfe.com<\/span><\/a><span style=\"font-weight: 400;\">&nbsp;Horarios autob\u00fas: <a href=\"https:\/\/laburundesa.com\/horarios-actuales-laburundesa\/\" target=\"_blank\" rel=\"noopener\">laburundesa.com: horarios actuales<\/a><\/span><\/li>\n<\/ul>\n<p><span style=\"font-weight: 400;\">Para conseguir que la fiesta sea sostenible es necesario que quien nos visite tambi\u00e9n colabore en esta tarea. Por ello os pedimos que el d\u00eda del Artzai Eguna <\/span><b>llev\u00e9is a cabo buenas pr\u00e1cticas<\/b><span style=\"font-weight: 400;\"> como el correcto <\/span><b>reciclado de basur<\/b><span style=\"font-weight: 400;\">a, la utilizaci\u00f3n de <\/span><b>transporte p\u00fablico <\/b><span style=\"font-weight: 400;\">o compartir medio de transporte en la medida de lo posible.<\/span><\/p>\n<p><b>Huella de carbono<\/b><\/p>\n<p><span style=\"font-weight: 400;\">Todav\u00eda nos es complicada la medici\u00f3n de la huella de carbono generada, pero os dejamos esta sencilla aplicaci\u00f3n que os puede ayudar a calcular la huella de carbono que generamos en nuestro d\u00eda a d\u00eda.&nbsp;<\/span><\/p>\n<p><a href=\"https:\/\/calculadora-carbono.climatehero.org\/?source=GoogleKeywordsSpain&amp;gad_source=1&amp;gclid=Cj0KCQjwpNuyBhCuARIsANJqL9PFuisKdGWPyutPSQJDxVPc0CI0weHvjXGHHftR6pWicaFNgnl7sZEaAnfiEALw_wcB\" target=\"_blank\" rel=\"noopener\"><span style=\"font-weight: 400;\">calculadora-carbono.climatehero.org<\/span><\/a><\/p>\n<\/div><\/div><\/div><\/div><\/div>\n","protected":false},"excerpt":{"rendered":"","protected":false},"author":1,"featured_media":0,"parent":0,"menu_order":0,"comment_status":"closed","ping_status":"closed","template":"","meta":{"footnotes":""},"class_list":["post-4040","page","type-page","status-publish","hentry"],"yoast_head":"<!-- This site is optimized with the Yoast SEO plugin v26.1.1 - https:\/\/yoast.com\/wordpress\/plugins\/seo\/ -->\n<title>Sostenibilidad - Artzai Eguna<\/title>\n<meta name=\"robots\" content=\"index, follow, max-snippet:-1, max-image-preview:large, max-video-preview:-1\" \/>\n<link rel=\"canonical\" href=\"https:\/\/artzaieguna.eus\/index.php\/es\/sostenibilidad\/\" \/>\n<meta property=\"og:locale\" content=\"es_ES\" \/>\n<meta property=\"og:type\" content=\"article\" \/>\n<meta property=\"og:title\" content=\"Sostenibilidad - Artzai Eguna\" \/>\n<meta property=\"og:url\" content=\"https:\/\/artzaieguna.eus\/index.php\/es\/sostenibilidad\/\" \/>\n<meta property=\"og:site_name\" content=\"Artzai Eguna\" \/>\n<meta property=\"article:publisher\" content=\"https:\/\/www.facebook.com\/artzaieguna\" \/>\n<meta property=\"article:modified_time\" content=\"2025-08-20T09:34:37+00:00\" \/>\n<meta name=\"twitter:card\" content=\"summary_large_image\" \/>\n<meta name=\"twitter:label1\" content=\"Tiempo de lectura\" \/>\n\t<meta name=\"twitter:data1\" content=\"2 minutos\" \/>\n<script type=\"application\/ld+json\" class=\"yoast-schema-graph\">{\"@context\":\"https:\/\/schema.org\",\"@graph\":[{\"@type\":\"WebPage\",\"@id\":\"https:\/\/artzaieguna.eus\/index.php\/es\/sostenibilidad\/\",\"url\":\"https:\/\/artzaieguna.eus\/index.php\/es\/sostenibilidad\/\",\"name\":\"Sostenibilidad - Artzai Eguna\",\"isPartOf\":{\"@id\":\"https:\/\/artzaieguna.eus\/#website\"},\"datePublished\":\"2024-08-02T13:22:25+00:00\",\"dateModified\":\"2025-08-20T09:34:37+00:00\",\"breadcrumb\":{\"@id\":\"https:\/\/artzaieguna.eus\/index.php\/es\/sostenibilidad\/#breadcrumb\"},\"inLanguage\":\"es\",\"potentialAction\":[{\"@type\":\"ReadAction\",\"target\":[\"https:\/\/artzaieguna.eus\/index.php\/es\/sostenibilidad\/\"]}]},{\"@type\":\"BreadcrumbList\",\"@id\":\"https:\/\/artzaieguna.eus\/index.php\/es\/sostenibilidad\/#breadcrumb\",\"itemListElement\":[{\"@type\":\"ListItem\",\"position\":1,\"name\":\"Portada\",\"item\":\"https:\/\/artzaieguna.eus\/\"},{\"@type\":\"ListItem\",\"position\":2,\"name\":\"Sostenibilidad\"}]},{\"@type\":\"WebSite\",\"@id\":\"https:\/\/artzaieguna.eus\/#website\",\"url\":\"https:\/\/artzaieguna.eus\/\",\"name\":\"Artzai Eguna\",\"description\":\"Artzai Eguna-ren informazio webgunea\",\"publisher\":{\"@id\":\"https:\/\/artzaieguna.eus\/#organization\"},\"potentialAction\":[{\"@type\":\"SearchAction\",\"target\":{\"@type\":\"EntryPoint\",\"urlTemplate\":\"https:\/\/artzaieguna.eus\/?s={search_term_string}\"},\"query-input\":{\"@type\":\"PropertyValueSpecification\",\"valueRequired\":true,\"valueName\":\"search_term_string\"}}],\"inLanguage\":\"es\"},{\"@type\":\"Organization\",\"@id\":\"https:\/\/artzaieguna.eus\/#organization\",\"name\":\"Artzai Eguna\",\"url\":\"https:\/\/artzaieguna.eus\/\",\"logo\":{\"@type\":\"ImageObject\",\"inLanguage\":\"es\",\"@id\":\"https:\/\/artzaieguna.eus\/#\/schema\/logo\/image\/\",\"url\":\"https:\/\/artzaieguna.eus\/wp-content\/uploads\/2019\/07\/LogoArtzaiEguna.jpg\",\"contentUrl\":\"https:\/\/artzaieguna.eus\/wp-content\/uploads\/2019\/07\/LogoArtzaiEguna.jpg\",\"width\":1104,\"height\":1280,\"caption\":\"Artzai Eguna\"},\"image\":{\"@id\":\"https:\/\/artzaieguna.eus\/#\/schema\/logo\/image\/\"},\"sameAs\":[\"https:\/\/www.facebook.com\/artzaieguna\"]}]}<\/script>\n<!-- \/ Yoast SEO plugin. -->","yoast_head_json":{"title":"Sostenibilidad - Artzai Eguna","robots":{"index":"index","follow":"follow","max-snippet":"max-snippet:-1","max-image-preview":"max-image-preview:large","max-video-preview":"max-video-preview:-1"},"canonical":"https:\/\/artzaieguna.eus\/index.php\/es\/sostenibilidad\/","og_locale":"es_ES","og_type":"article","og_title":"Sostenibilidad - Artzai Eguna","og_url":"https:\/\/artzaieguna.eus\/index.php\/es\/sostenibilidad\/","og_site_name":"Artzai Eguna","article_publisher":"https:\/\/www.facebook.com\/artzaieguna","article_modified_time":"2025-08-20T09:34:37+00:00","twitter_card":"summary_large_image","twitter_misc":{"Tiempo de lectura":"2 minutos"},"schema":{"@context":"https:\/\/schema.org","@graph":[{"@type":"WebPage","@id":"https:\/\/artzaieguna.eus\/index.php\/es\/sostenibilidad\/","url":"https:\/\/artzaieguna.eus\/index.php\/es\/sostenibilidad\/","name":"Sostenibilidad - Artzai Eguna","isPartOf":{"@id":"https:\/\/artzaieguna.eus\/#website"},"datePublished":"2024-08-02T13:22:25+00:00","dateModified":"2025-08-20T09:34:37+00:00","breadcrumb":{"@id":"https:\/\/artzaieguna.eus\/index.php\/es\/sostenibilidad\/#breadcrumb"},"inLanguage":"es","potentialAction":[{"@type":"ReadAction","target":["https:\/\/artzaieguna.eus\/index.php\/es\/sostenibilidad\/"]}]},{"@type":"BreadcrumbList","@id":"https:\/\/artzaieguna.eus\/index.php\/es\/sostenibilidad\/#breadcrumb","itemListElement":[{"@type":"ListItem","position":1,"name":"Portada","item":"https:\/\/artzaieguna.eus\/"},{"@type":"ListItem","position":2,"name":"Sostenibilidad"}]},{"@type":"WebSite","@id":"https:\/\/artzaieguna.eus\/#website","url":"https:\/\/artzaieguna.eus\/","name":"Artzai Eguna","description":"Artzai Eguna-ren informazio webgunea","publisher":{"@id":"https:\/\/artzaieguna.eus\/#organization"},"potentialAction":[{"@type":"SearchAction","target":{"@type":"EntryPoint","urlTemplate":"https:\/\/artzaieguna.eus\/?s={search_term_string}"},"query-input":{"@type":"PropertyValueSpecification","valueRequired":true,"valueName":"search_term_string"}}],"inLanguage":"es"},{"@type":"Organization","@id":"https:\/\/artzaieguna.eus\/#organization","name":"Artzai Eguna","url":"https:\/\/artzaieguna.eus\/","logo":{"@type":"ImageObject","inLanguage":"es","@id":"https:\/\/artzaieguna.eus\/#\/schema\/logo\/image\/","url":"https:\/\/artzaieguna.eus\/wp-content\/uploads\/2019\/07\/LogoArtzaiEguna.jpg","contentUrl":"https:\/\/artzaieguna.eus\/wp-content\/uploads\/2019\/07\/LogoArtzaiEguna.jpg","width":1104,"height":1280,"caption":"Artzai Eguna"},"image":{"@id":"https:\/\/artzaieguna.eus\/#\/schema\/logo\/image\/"},"sameAs":["https:\/\/www.facebook.com\/artzaieguna"]}]}},"_links":{"self":[{"href":"https:\/\/artzaieguna.eus\/index.php\/wp-json\/wp\/v2\/pages\/4040","targetHints":{"allow":["GET"]}}],"collection":[{"href":"https:\/\/artzaieguna.eus\/index.php\/wp-json\/wp\/v2\/pages"}],"about":[{"href":"https:\/\/artzaieguna.eus\/index.php\/wp-json\/wp\/v2\/types\/page"}],"author":[{"embeddable":true,"href":"https:\/\/artzaieguna.eus\/index.php\/wp-json\/wp\/v2\/users\/1"}],"replies":[{"embeddable":true,"href":"https:\/\/artzaieguna.eus\/index.php\/wp-json\/wp\/v2\/comments?post=4040"}],"version-history":[{"count":4,"href":"https:\/\/artzaieguna.eus\/index.php\/wp-json\/wp\/v2\/pages\/4040\/revisions"}],"predecessor-version":[{"id":4513,"href":"https:\/\/artzaieguna.eus\/index.php\/wp-json\/wp\/v2\/pages\/4040\/revisions\/4513"}],"wp:attachment":[{"href":"https:\/\/artzaieguna.eus\/index.php\/wp-json\/wp\/v2\/media?parent=4040"}],"curies":[{"name":"wp","href":"https:\/\/api.w.org\/{rel}","templated":true}]}}